{"id":1068,"date":"2024-05-15T18:13:06","date_gmt":"2024-05-15T16:13:06","guid":{"rendered":"https:\/\/atelier-letabli.com\/?post_type=product&#038;p=1068"},"modified":"2024-09-25T11:05:16","modified_gmt":"2024-09-25T09:05:16","slug":"planche-a-decouper-2","status":"publish","type":"product","link":"https:\/\/atelier-letabli.com\/index.php\/produit\/planche-a-decouper-2\/","title":{"rendered":"Planche \u00e0 d\u00e9couper"},"content":{"rendered":"<p>Planche \u00e0 d\u00e9couper de qualit\u00e9 en noyer et h\u00eatre. Elle a tout d&rsquo;une grande !<\/p>\n<p>Pour une durabilit\u00e9 de votre planche, pensez \u00e0 huiler votre planche avec des produits naturels et \u00e0 ne jamais la laver sous l&rsquo;eau chaude.<\/p>\n","protected":false},"excerpt":{"rendered":"<p>Dimension : 450 mm x 300 mm x 25 mm d\u2019\u00e9paisseur<\/p>\n<p>Toutes les planches pr\u00e9sent\u00e9es sur le site sont uniques. Celle que voyez n\u2019est pas \u00e0 votre go\u00fbt ou ne s\u2019adapte pas \u00e0 vos int\u00e9rieurs\u00a0? Il est possible de modifier les dimensions, le design, l\u2019essence, bref de commander votre planche sur mesure selon vos crit\u00e8res !\u00a0 N&rsquo;h\u00e9sitez pas \u00e0 nous faire part de votre <a href=\"https:\/\/atelier-letabli.com\/index.php\/113-2\/\">projet<\/a> !<\/p>\n","protected":false},"featured_media":1123,"comment_status":"open","ping_status":"closed","template":"","meta":{"_et_pb_use_builder":"","_et_pb_old_content":"","_et_gb_content_width":""},"product_brand":[],"product_cat":[34,68],"product_tag":[26],"class_list":{"0":"post-1068","1":"product","2":"type-product","3":"status-publish","4":"has-post-thumbnail","6":"product_cat-ateliers-particuliers","7":"product_cat-planche-a-decouper-3","8":"product_tag-planche-a-decouper","9":"product_shipping_class-petites-tailles","11":"first","12":"instock","13":"taxable","14":"shipping-taxable","15":"purchasable","16":"product-type-simple"},"yoast_head":"<!-- This site is optimized with the Yoast SEO plugin v27.3 - https:\/\/yoast.com\/product\/yoast-seo-wordpress\/ -->\n<title>Planche \u00e0 d\u00e9couper - L&#039;\u00c9TABLI<\/title>\n<meta name=\"robots\" content=\"index, follow, max-snippet:-1, max-image-preview:large, max-video-preview:-1\" \/>\n<link rel=\"canonical\" href=\"https:\/\/atelier-letabli.com\/index.php\/produit\/planche-a-decouper-2\/\" \/>\n<meta property=\"og:locale\" content=\"fr_FR\" \/>\n<meta property=\"og:type\" content=\"article\" \/>\n<meta property=\"og:title\" content=\"Planche \u00e0 d\u00e9couper - L&#039;\u00c9TABLI\" \/>\n<meta property=\"og:description\" content=\"Dimension : 450 mm x 300 mm x 25 mm d\u2019\u00e9paisseur  Toutes les planches pr\u00e9sent\u00e9es sur le site sont uniques. Celle que voyez n\u2019est pas \u00e0 votre go\u00fbt ou ne s\u2019adapte pas \u00e0 vos int\u00e9rieurs\u00a0? Il est possible de modifier les dimensions, le design, l\u2019essence, bref de commander votre planche sur mesure selon vos crit\u00e8res !\u00a0 N&#039;h\u00e9sitez pas \u00e0 nous faire part de votre projet !\" \/>\n<meta property=\"og:url\" content=\"https:\/\/atelier-letabli.com\/index.php\/produit\/planche-a-decouper-2\/\" \/>\n<meta property=\"og:site_name\" content=\"L&#039;\u00c9TABLI\" \/>\n<meta property=\"article:modified_time\" content=\"2024-09-25T09:05:16+00:00\" \/>\n<meta property=\"og:image\" content=\"https:\/\/atelier-letabli.com\/wp-content\/uploads\/2024\/06\/PAD0003.jpg\" \/>\n\t<meta property=\"og:image:width\" content=\"2000\" \/>\n\t<meta property=\"og:image:height\" content=\"1124\" \/>\n\t<meta property=\"og:image:type\" content=\"image\/jpeg\" \/>\n<meta name=\"twitter:card\" content=\"summary_large_image\" \/>\n<meta name=\"twitter:label1\" content=\"Dur\u00e9e de lecture estim\u00e9e\" \/>\n\t<meta name=\"twitter:data1\" content=\"1 minute\" \/>\n<script type=\"application\/ld+json\" class=\"yoast-schema-graph\">{\"@context\":\"https:\\\/\\\/schema.org\",\"@graph\":[{\"@type\":\"WebPage\",\"@id\":\"https:\\\/\\\/atelier-letabli.com\\\/index.php\\\/produit\\\/planche-a-decouper-2\\\/\",\"url\":\"https:\\\/\\\/atelier-letabli.com\\\/index.php\\\/produit\\\/planche-a-decouper-2\\\/\",\"name\":\"Planche \u00e0 d\u00e9couper - L&#039;\u00c9TABLI\",\"isPartOf\":{\"@id\":\"https:\\\/\\\/atelier-letabli.com\\\/#website\"},\"primaryImageOfPage\":{\"@id\":\"https:\\\/\\\/atelier-letabli.com\\\/index.php\\\/produit\\\/planche-a-decouper-2\\\/#primaryimage\"},\"image\":{\"@id\":\"https:\\\/\\\/atelier-letabli.com\\\/index.php\\\/produit\\\/planche-a-decouper-2\\\/#primaryimage\"},\"thumbnailUrl\":\"https:\\\/\\\/atelier-letabli.com\\\/wp-content\\\/uploads\\\/2024\\\/06\\\/PAD0003.jpg\",\"datePublished\":\"2024-05-15T16:13:06+00:00\",\"dateModified\":\"2024-09-25T09:05:16+00:00\",\"breadcrumb\":{\"@id\":\"https:\\\/\\\/atelier-letabli.com\\\/index.php\\\/produit\\\/planche-a-decouper-2\\\/#breadcrumb\"},\"inLanguage\":\"fr-FR\",\"potentialAction\":[{\"@type\":\"ReadAction\",\"target\":[\"https:\\\/\\\/atelier-letabli.com\\\/index.php\\\/produit\\\/planche-a-decouper-2\\\/\"]}]},{\"@type\":\"ImageObject\",\"inLanguage\":\"fr-FR\",\"@id\":\"https:\\\/\\\/atelier-letabli.com\\\/index.php\\\/produit\\\/planche-a-decouper-2\\\/#primaryimage\",\"url\":\"https:\\\/\\\/atelier-letabli.com\\\/wp-content\\\/uploads\\\/2024\\\/06\\\/PAD0003.jpg\",\"contentUrl\":\"https:\\\/\\\/atelier-letabli.com\\\/wp-content\\\/uploads\\\/2024\\\/06\\\/PAD0003.jpg\",\"width\":2000,\"height\":1124,\"caption\":\"Planche \u00e0 d\u00e9couper h\u00eatre noyer\"},{\"@type\":\"BreadcrumbList\",\"@id\":\"https:\\\/\\\/atelier-letabli.com\\\/index.php\\\/produit\\\/planche-a-decouper-2\\\/#breadcrumb\",\"itemListElement\":[{\"@type\":\"ListItem\",\"position\":1,\"name\":\"Accueil\",\"item\":\"https:\\\/\\\/atelier-letabli.com\\\/\"},{\"@type\":\"ListItem\",\"position\":2,\"name\":\"Boutique\",\"item\":\"https:\\\/\\\/atelier-letabli.com\\\/index.php\\\/boutique\\\/\"},{\"@type\":\"ListItem\",\"position\":3,\"name\":\"Planche \u00e0 d\u00e9couper\"}]},{\"@type\":\"WebSite\",\"@id\":\"https:\\\/\\\/atelier-letabli.com\\\/#website\",\"url\":\"https:\\\/\\\/atelier-letabli.com\\\/\",\"name\":\"L&#039;\u00c9TABLI\",\"description\":\"\",\"potentialAction\":[{\"@type\":\"SearchAction\",\"target\":{\"@type\":\"EntryPoint\",\"urlTemplate\":\"https:\\\/\\\/atelier-letabli.com\\\/?s={search_term_string}\"},\"query-input\":{\"@type\":\"PropertyValueSpecification\",\"valueRequired\":true,\"valueName\":\"search_term_string\"}}],\"inLanguage\":\"fr-FR\"}]}<\/script>\n<!-- \/ Yoast SEO plugin. -->","yoast_head_json":{"title":"Planche \u00e0 d\u00e9couper - L&#039;\u00c9TABLI","robots":{"index":"index","follow":"follow","max-snippet":"max-snippet:-1","max-image-preview":"max-image-preview:large","max-video-preview":"max-video-preview:-1"},"canonical":"https:\/\/atelier-letabli.com\/index.php\/produit\/planche-a-decouper-2\/","og_locale":"fr_FR","og_type":"article","og_title":"Planche \u00e0 d\u00e9couper - L&#039;\u00c9TABLI","og_description":"Dimension : 450 mm x 300 mm x 25 mm d\u2019\u00e9paisseur  Toutes les planches pr\u00e9sent\u00e9es sur le site sont uniques. Celle que voyez n\u2019est pas \u00e0 votre go\u00fbt ou ne s\u2019adapte pas \u00e0 vos int\u00e9rieurs\u00a0? Il est possible de modifier les dimensions, le design, l\u2019essence, bref de commander votre planche sur mesure selon vos crit\u00e8res !\u00a0 N'h\u00e9sitez pas \u00e0 nous faire part de votre projet !","og_url":"https:\/\/atelier-letabli.com\/index.php\/produit\/planche-a-decouper-2\/","og_site_name":"L&#039;\u00c9TABLI","article_modified_time":"2024-09-25T09:05:16+00:00","og_image":[{"width":2000,"height":1124,"url":"https:\/\/atelier-letabli.com\/wp-content\/uploads\/2024\/06\/PAD0003.jpg","type":"image\/jpeg"}],"twitter_card":"summary_large_image","twitter_misc":{"Dur\u00e9e de lecture estim\u00e9e":"1 minute"},"schema":{"@context":"https:\/\/schema.org","@graph":[{"@type":"WebPage","@id":"https:\/\/atelier-letabli.com\/index.php\/produit\/planche-a-decouper-2\/","url":"https:\/\/atelier-letabli.com\/index.php\/produit\/planche-a-decouper-2\/","name":"Planche \u00e0 d\u00e9couper - L&#039;\u00c9TABLI","isPartOf":{"@id":"https:\/\/atelier-letabli.com\/#website"},"primaryImageOfPage":{"@id":"https:\/\/atelier-letabli.com\/index.php\/produit\/planche-a-decouper-2\/#primaryimage"},"image":{"@id":"https:\/\/atelier-letabli.com\/index.php\/produit\/planche-a-decouper-2\/#primaryimage"},"thumbnailUrl":"https:\/\/atelier-letabli.com\/wp-content\/uploads\/2024\/06\/PAD0003.jpg","datePublished":"2024-05-15T16:13:06+00:00","dateModified":"2024-09-25T09:05:16+00:00","breadcrumb":{"@id":"https:\/\/atelier-letabli.com\/index.php\/produit\/planche-a-decouper-2\/#breadcrumb"},"inLanguage":"fr-FR","potentialAction":[{"@type":"ReadAction","target":["https:\/\/atelier-letabli.com\/index.php\/produit\/planche-a-decouper-2\/"]}]},{"@type":"ImageObject","inLanguage":"fr-FR","@id":"https:\/\/atelier-letabli.com\/index.php\/produit\/planche-a-decouper-2\/#primaryimage","url":"https:\/\/atelier-letabli.com\/wp-content\/uploads\/2024\/06\/PAD0003.jpg","contentUrl":"https:\/\/atelier-letabli.com\/wp-content\/uploads\/2024\/06\/PAD0003.jpg","width":2000,"height":1124,"caption":"Planche \u00e0 d\u00e9couper h\u00eatre noyer"},{"@type":"BreadcrumbList","@id":"https:\/\/atelier-letabli.com\/index.php\/produit\/planche-a-decouper-2\/#breadcrumb","itemListElement":[{"@type":"ListItem","position":1,"name":"Accueil","item":"https:\/\/atelier-letabli.com\/"},{"@type":"ListItem","position":2,"name":"Boutique","item":"https:\/\/atelier-letabli.com\/index.php\/boutique\/"},{"@type":"ListItem","position":3,"name":"Planche \u00e0 d\u00e9couper"}]},{"@type":"WebSite","@id":"https:\/\/atelier-letabli.com\/#website","url":"https:\/\/atelier-letabli.com\/","name":"L&#039;\u00c9TABLI","description":"","potentialAction":[{"@type":"SearchAction","target":{"@type":"EntryPoint","urlTemplate":"https:\/\/atelier-letabli.com\/?s={search_term_string}"},"query-input":{"@type":"PropertyValueSpecification","valueRequired":true,"valueName":"search_term_string"}}],"inLanguage":"fr-FR"}]}},"_links":{"self":[{"href":"https:\/\/atelier-letabli.com\/index.php\/wp-json\/wp\/v2\/product\/1068","targetHints":{"allow":["GET"]}}],"collection":[{"href":"https:\/\/atelier-letabli.com\/index.php\/wp-json\/wp\/v2\/product"}],"about":[{"href":"https:\/\/atelier-letabli.com\/index.php\/wp-json\/wp\/v2\/types\/product"}],"replies":[{"embeddable":true,"href":"https:\/\/atelier-letabli.com\/index.php\/wp-json\/wp\/v2\/comments?post=1068"}],"wp:featuredmedia":[{"embeddable":true,"href":"https:\/\/atelier-letabli.com\/index.php\/wp-json\/wp\/v2\/media\/1123"}],"wp:attachment":[{"href":"https:\/\/atelier-letabli.com\/index.php\/wp-json\/wp\/v2\/media?parent=1068"}],"wp:term":[{"taxonomy":"product_brand","embeddable":true,"href":"https:\/\/atelier-letabli.com\/index.php\/wp-json\/wp\/v2\/product_brand?post=1068"},{"taxonomy":"product_cat","embeddable":true,"href":"https:\/\/atelier-letabli.com\/index.php\/wp-json\/wp\/v2\/product_cat?post=1068"},{"taxonomy":"product_tag","embeddable":true,"href":"https:\/\/atelier-letabli.com\/index.php\/wp-json\/wp\/v2\/product_tag?post=1068"}],"curies":[{"name":"wp","href":"https:\/\/api.w.org\/{rel}","templated":true}]}}