{"id":1294,"date":"2024-10-15T10:02:08","date_gmt":"2024-10-15T08:02:08","guid":{"rendered":"https:\/\/atelier-letabli.com\/?post_type=product&#038;p=1294"},"modified":"2025-12-26T10:29:54","modified_gmt":"2025-12-26T09:29:54","slug":"atelier-cadres","status":"publish","type":"product","link":"https:\/\/atelier-letabli.com\/index.php\/produit\/atelier-cadres\/","title":{"rendered":"Atelier Cadres"},"content":{"rendered":"<p><strong>D\u00e9roul\u00e9 de l&rsquo;atelier (matin ou apr\u00e8s midi au choix : 9h-12h \/ 14-17h) :<\/strong><br \/>\n8h45-9h : Caf\u00e9 et pr\u00e9sentation<br \/>\n9h-9h30 : Choix des essences et de la dimension du cadre. Rappel des consignes de s\u00e9curit\u00e9<br \/>\n9h30-10h : Coupe d&rsquo;onglet \u00e0 45\u00b0 \/ Usinage (feuillure) \/ Assemblage et collage<br \/>\n10h- 10h30 : Fabrication de <a href=\"https:\/\/atelier-letabli.com\/wp-content\/uploads\/2024\/04\/Capture.png\">French Cleat <\/a>(accroches murales)<br \/>\n10h30-11h30 : Pon\u00e7age du cadre et finition<br \/>\n11h30-12h: Fixation des french cleat<\/p>\n<p>&nbsp;<\/p>\n","protected":false},"excerpt":{"rendered":"<p>D\u00e8s que l&rsquo;on souhaite encadrer une photo ou une jolie peinture, il n&rsquo;est jamais facile de trouver le cadre id\u00e9al qui s&rsquo;adapte parfaitement. Cet atelier est l&rsquo;occasion \u00e0 la fois de fabriquer votre cadre id\u00e9al et de qualit\u00e9 mais aussi de mettre un pied dans un atelier de menuiserie en d\u00e9couvrant des techniques simples mais indispensables. Le tout dans un atelier de 3h.<\/p>\n<p><strong>Venez avec vos propres miroirs \/ photos \/ peintures &#8230; pour faire un cadre sur mesure !<br \/>\n<\/strong><\/p>\n<p><span style=\"text-decoration: underline;\"><strong>Comment r\u00e9server ?<\/strong><\/span><\/p>\n<p><strong><span style=\"text-decoration: underline;\">\u00c9tape 1 :<\/span> Choisissez la date qui vous convient<\/strong><\/p>\n<p><strong><span style=\"text-decoration: underline;\">\u00c9tape 2 :<\/span> Choisissez votre atelier et proc\u00e9dez au paiement<\/strong><\/p>\n<p>Vous recevrez par la suite un mail r\u00e9capitulatif et d\u00e9taill\u00e9 de la journ\u00e9e qui vous attend !<\/p>\n","protected":false},"featured_media":1365,"comment_status":"closed","ping_status":"closed","template":"","meta":{"_et_pb_use_builder":"off","_et_pb_old_content":"<strong>D\u00e9roul\u00e9 de la journ\u00e9e :<\/strong>\r\n8h45-9h : Caf\u00e9 et pr\u00e9sentation\r\n9h-9h30 : Introduction th\u00e9orique sur le bois et ses techniques. Rappel des consignes de s\u00e9curit\u00e9\r\n9h30-10h : Choix des essences, de la forme de la boite et des d\u00e9tails d\u2019usinage\r\n10h-11h30 : D\u00e9bit et corroyage\r\n11h30-12h : Usinage \/ collage en fonction des choix de chacun\r\n<strong>D\u00e9jeuner<\/strong>\r\n13h30-14h30 : Mise en forme des \u00e9l\u00e9ments\r\n14h30-15h30 : Assemblage final\r\n16h30-17h : Pon\u00e7age et finition","_et_gb_content_width":""},"product_brand":[],"product_cat":[87,34],"product_tag":[62],"class_list":{"0":"post-1294","1":"product","2":"type-product","3":"status-publish","4":"has-post-thumbnail","6":"product_cat-atelier-cadres","7":"product_cat-ateliers-particuliers","8":"product_tag-boite-reservation","10":"first","11":"instock","12":"virtual","13":"taxable","14":"purchasable","15":"product-type-simple"},"yoast_head":"<!-- This site is optimized with the Yoast SEO plugin v27.3 - https:\/\/yoast.com\/product\/yoast-seo-wordpress\/ -->\n<title>Atelier Cadres - L&#039;\u00c9TABLI<\/title>\n<meta name=\"robots\" content=\"index, follow, max-snippet:-1, max-image-preview:large, max-video-preview:-1\" \/>\n<link rel=\"canonical\" href=\"https:\/\/atelier-letabli.com\/index.php\/produit\/atelier-cadres\/\" \/>\n<meta property=\"og:locale\" content=\"fr_FR\" \/>\n<meta property=\"og:type\" content=\"article\" \/>\n<meta property=\"og:title\" content=\"Atelier Cadres - L&#039;\u00c9TABLI\" \/>\n<meta property=\"og:description\" content=\"D\u00e8s que l&#039;on souhaite encadrer une photo ou une jolie peinture, il n&#039;est jamais facile de trouver le cadre id\u00e9al qui s&#039;adapte parfaitement. Cet atelier est l&#039;occasion \u00e0 la fois de fabriquer votre cadre id\u00e9al et de qualit\u00e9 mais aussi de mettre un pied dans un atelier de menuiserie en d\u00e9couvrant des techniques simples mais indispensables. Le tout dans un atelier de 3h.  Venez avec vos propres miroirs \/ photos \/ peintures ... pour faire un cadre sur mesure !   Comment r\u00e9server ?  \u00c9tape 1 : Choisissez la date qui vous convient  \u00c9tape 2 : Choisissez votre atelier et proc\u00e9dez au paiement  Vous recevrez par la suite un mail r\u00e9capitulatif et d\u00e9taill\u00e9 de la journ\u00e9e qui vous attend !\" \/>\n<meta property=\"og:url\" content=\"https:\/\/atelier-letabli.com\/index.php\/produit\/atelier-cadres\/\" \/>\n<meta property=\"og:site_name\" content=\"L&#039;\u00c9TABLI\" \/>\n<meta property=\"article:modified_time\" content=\"2025-12-26T09:29:54+00:00\" \/>\n<meta property=\"og:image\" content=\"https:\/\/atelier-letabli.com\/wp-content\/uploads\/2024\/12\/wecandoo0026.jpg\" \/>\n\t<meta property=\"og:image:width\" content=\"2560\" \/>\n\t<meta property=\"og:image:height\" content=\"1920\" \/>\n\t<meta property=\"og:image:type\" content=\"image\/jpeg\" \/>\n<meta name=\"twitter:card\" content=\"summary_large_image\" \/>\n<meta name=\"twitter:label1\" content=\"Dur\u00e9e de lecture estim\u00e9e\" \/>\n\t<meta name=\"twitter:data1\" content=\"1 minute\" \/>\n<script type=\"application\/ld+json\" class=\"yoast-schema-graph\">{\"@context\":\"https:\\\/\\\/schema.org\",\"@graph\":[{\"@type\":\"WebPage\",\"@id\":\"https:\\\/\\\/atelier-letabli.com\\\/index.php\\\/produit\\\/atelier-cadres\\\/\",\"url\":\"https:\\\/\\\/atelier-letabli.com\\\/index.php\\\/produit\\\/atelier-cadres\\\/\",\"name\":\"Atelier Cadres - L&#039;\u00c9TABLI\",\"isPartOf\":{\"@id\":\"https:\\\/\\\/atelier-letabli.com\\\/#website\"},\"primaryImageOfPage\":{\"@id\":\"https:\\\/\\\/atelier-letabli.com\\\/index.php\\\/produit\\\/atelier-cadres\\\/#primaryimage\"},\"image\":{\"@id\":\"https:\\\/\\\/atelier-letabli.com\\\/index.php\\\/produit\\\/atelier-cadres\\\/#primaryimage\"},\"thumbnailUrl\":\"https:\\\/\\\/atelier-letabli.com\\\/wp-content\\\/uploads\\\/2024\\\/12\\\/wecandoo0026.jpg\",\"datePublished\":\"2024-10-15T08:02:08+00:00\",\"dateModified\":\"2025-12-26T09:29:54+00:00\",\"breadcrumb\":{\"@id\":\"https:\\\/\\\/atelier-letabli.com\\\/index.php\\\/produit\\\/atelier-cadres\\\/#breadcrumb\"},\"inLanguage\":\"fr-FR\",\"potentialAction\":[{\"@type\":\"ReadAction\",\"target\":[\"https:\\\/\\\/atelier-letabli.com\\\/index.php\\\/produit\\\/atelier-cadres\\\/\"]}]},{\"@type\":\"ImageObject\",\"inLanguage\":\"fr-FR\",\"@id\":\"https:\\\/\\\/atelier-letabli.com\\\/index.php\\\/produit\\\/atelier-cadres\\\/#primaryimage\",\"url\":\"https:\\\/\\\/atelier-letabli.com\\\/wp-content\\\/uploads\\\/2024\\\/12\\\/wecandoo0026.jpg\",\"contentUrl\":\"https:\\\/\\\/atelier-letabli.com\\\/wp-content\\\/uploads\\\/2024\\\/12\\\/wecandoo0026.jpg\",\"width\":2560,\"height\":1920,\"caption\":\"Cadre en ch\u00eane pour affiche d\u00e9corative\"},{\"@type\":\"BreadcrumbList\",\"@id\":\"https:\\\/\\\/atelier-letabli.com\\\/index.php\\\/produit\\\/atelier-cadres\\\/#breadcrumb\",\"itemListElement\":[{\"@type\":\"ListItem\",\"position\":1,\"name\":\"Accueil\",\"item\":\"https:\\\/\\\/atelier-letabli.com\\\/\"},{\"@type\":\"ListItem\",\"position\":2,\"name\":\"Boutique\",\"item\":\"https:\\\/\\\/atelier-letabli.com\\\/index.php\\\/boutique\\\/\"},{\"@type\":\"ListItem\",\"position\":3,\"name\":\"Atelier Cadres\"}]},{\"@type\":\"WebSite\",\"@id\":\"https:\\\/\\\/atelier-letabli.com\\\/#website\",\"url\":\"https:\\\/\\\/atelier-letabli.com\\\/\",\"name\":\"L&#039;\u00c9TABLI\",\"description\":\"\",\"potentialAction\":[{\"@type\":\"SearchAction\",\"target\":{\"@type\":\"EntryPoint\",\"urlTemplate\":\"https:\\\/\\\/atelier-letabli.com\\\/?s={search_term_string}\"},\"query-input\":{\"@type\":\"PropertyValueSpecification\",\"valueRequired\":true,\"valueName\":\"search_term_string\"}}],\"inLanguage\":\"fr-FR\"}]}<\/script>\n<!-- \/ Yoast SEO plugin. -->","yoast_head_json":{"title":"Atelier Cadres - L&#039;\u00c9TABLI","robots":{"index":"index","follow":"follow","max-snippet":"max-snippet:-1","max-image-preview":"max-image-preview:large","max-video-preview":"max-video-preview:-1"},"canonical":"https:\/\/atelier-letabli.com\/index.php\/produit\/atelier-cadres\/","og_locale":"fr_FR","og_type":"article","og_title":"Atelier Cadres - L&#039;\u00c9TABLI","og_description":"D\u00e8s que l'on souhaite encadrer une photo ou une jolie peinture, il n'est jamais facile de trouver le cadre id\u00e9al qui s'adapte parfaitement. Cet atelier est l'occasion \u00e0 la fois de fabriquer votre cadre id\u00e9al et de qualit\u00e9 mais aussi de mettre un pied dans un atelier de menuiserie en d\u00e9couvrant des techniques simples mais indispensables. Le tout dans un atelier de 3h.  Venez avec vos propres miroirs \/ photos \/ peintures ... pour faire un cadre sur mesure !   Comment r\u00e9server ?  \u00c9tape 1 : Choisissez la date qui vous convient  \u00c9tape 2 : Choisissez votre atelier et proc\u00e9dez au paiement  Vous recevrez par la suite un mail r\u00e9capitulatif et d\u00e9taill\u00e9 de la journ\u00e9e qui vous attend !","og_url":"https:\/\/atelier-letabli.com\/index.php\/produit\/atelier-cadres\/","og_site_name":"L&#039;\u00c9TABLI","article_modified_time":"2025-12-26T09:29:54+00:00","og_image":[{"width":2560,"height":1920,"url":"https:\/\/atelier-letabli.com\/wp-content\/uploads\/2024\/12\/wecandoo0026.jpg","type":"image\/jpeg"}],"twitter_card":"summary_large_image","twitter_misc":{"Dur\u00e9e de lecture estim\u00e9e":"1 minute"},"schema":{"@context":"https:\/\/schema.org","@graph":[{"@type":"WebPage","@id":"https:\/\/atelier-letabli.com\/index.php\/produit\/atelier-cadres\/","url":"https:\/\/atelier-letabli.com\/index.php\/produit\/atelier-cadres\/","name":"Atelier Cadres - L&#039;\u00c9TABLI","isPartOf":{"@id":"https:\/\/atelier-letabli.com\/#website"},"primaryImageOfPage":{"@id":"https:\/\/atelier-letabli.com\/index.php\/produit\/atelier-cadres\/#primaryimage"},"image":{"@id":"https:\/\/atelier-letabli.com\/index.php\/produit\/atelier-cadres\/#primaryimage"},"thumbnailUrl":"https:\/\/atelier-letabli.com\/wp-content\/uploads\/2024\/12\/wecandoo0026.jpg","datePublished":"2024-10-15T08:02:08+00:00","dateModified":"2025-12-26T09:29:54+00:00","breadcrumb":{"@id":"https:\/\/atelier-letabli.com\/index.php\/produit\/atelier-cadres\/#breadcrumb"},"inLanguage":"fr-FR","potentialAction":[{"@type":"ReadAction","target":["https:\/\/atelier-letabli.com\/index.php\/produit\/atelier-cadres\/"]}]},{"@type":"ImageObject","inLanguage":"fr-FR","@id":"https:\/\/atelier-letabli.com\/index.php\/produit\/atelier-cadres\/#primaryimage","url":"https:\/\/atelier-letabli.com\/wp-content\/uploads\/2024\/12\/wecandoo0026.jpg","contentUrl":"https:\/\/atelier-letabli.com\/wp-content\/uploads\/2024\/12\/wecandoo0026.jpg","width":2560,"height":1920,"caption":"Cadre en ch\u00eane pour affiche d\u00e9corative"},{"@type":"BreadcrumbList","@id":"https:\/\/atelier-letabli.com\/index.php\/produit\/atelier-cadres\/#breadcrumb","itemListElement":[{"@type":"ListItem","position":1,"name":"Accueil","item":"https:\/\/atelier-letabli.com\/"},{"@type":"ListItem","position":2,"name":"Boutique","item":"https:\/\/atelier-letabli.com\/index.php\/boutique\/"},{"@type":"ListItem","position":3,"name":"Atelier Cadres"}]},{"@type":"WebSite","@id":"https:\/\/atelier-letabli.com\/#website","url":"https:\/\/atelier-letabli.com\/","name":"L&#039;\u00c9TABLI","description":"","potentialAction":[{"@type":"SearchAction","target":{"@type":"EntryPoint","urlTemplate":"https:\/\/atelier-letabli.com\/?s={search_term_string}"},"query-input":{"@type":"PropertyValueSpecification","valueRequired":true,"valueName":"search_term_string"}}],"inLanguage":"fr-FR"}]}},"_links":{"self":[{"href":"https:\/\/atelier-letabli.com\/index.php\/wp-json\/wp\/v2\/product\/1294","targetHints":{"allow":["GET"]}}],"collection":[{"href":"https:\/\/atelier-letabli.com\/index.php\/wp-json\/wp\/v2\/product"}],"about":[{"href":"https:\/\/atelier-letabli.com\/index.php\/wp-json\/wp\/v2\/types\/product"}],"replies":[{"embeddable":true,"href":"https:\/\/atelier-letabli.com\/index.php\/wp-json\/wp\/v2\/comments?post=1294"}],"wp:featuredmedia":[{"embeddable":true,"href":"https:\/\/atelier-letabli.com\/index.php\/wp-json\/wp\/v2\/media\/1365"}],"wp:attachment":[{"href":"https:\/\/atelier-letabli.com\/index.php\/wp-json\/wp\/v2\/media?parent=1294"}],"wp:term":[{"taxonomy":"product_brand","embeddable":true,"href":"https:\/\/atelier-letabli.com\/index.php\/wp-json\/wp\/v2\/product_brand?post=1294"},{"taxonomy":"product_cat","embeddable":true,"href":"https:\/\/atelier-letabli.com\/index.php\/wp-json\/wp\/v2\/product_cat?post=1294"},{"taxonomy":"product_tag","embeddable":true,"href":"https:\/\/atelier-letabli.com\/index.php\/wp-json\/wp\/v2\/product_tag?post=1294"}],"curies":[{"name":"wp","href":"https:\/\/api.w.org\/{rel}","templated":true}]}}