{"id":1316,"date":"2024-11-01T09:53:58","date_gmt":"2024-11-01T08:53:58","guid":{"rendered":"https:\/\/atelier-letabli.com\/?post_type=product&#038;p=1316"},"modified":"2025-12-26T10:29:54","modified_gmt":"2025-12-26T09:29:54","slug":"bon-cadeau-atelier-immersif","status":"publish","type":"product","link":"https:\/\/atelier-letabli.com\/index.php\/produit\/bon-cadeau-atelier-immersif\/","title":{"rendered":"Bon cadeau atelier immersif"},"content":{"rendered":"<p>&nbsp;<\/p>\n<p>&nbsp;<\/p>\n","protected":false},"excerpt":{"rendered":"<p>Vous souhaitez offrir un atelier \u00e0 un proche mais vous ne connaissez pas ses disponibilit\u00e9s. Vous \u00eates au bon endroit ! Avec ce bon cadeau valable 1 an, vous offrez la libert\u00e9 de r\u00e9server n&rsquo;importe quand (en fonction des dates disponibles) un atelier immersif au choix.<\/p>\n<p><strong>D\u00e8s r\u00e9ception de la commande, vous recevrez un bon cadeau avec une r\u00e9f\u00e9rence valable toute une ann\u00e9e aux dates des ateliers. <\/strong><\/p>\n<p><strong>La personne a qui vous offrez le bon cadeau devra me contacter pour r\u00e9server un cr\u00e9neau et venir avec son bon cadeau le jour de l&rsquo;atelier.<\/strong><\/p>\n","protected":false},"featured_media":1308,"comment_status":"closed","ping_status":"closed","template":"","meta":{"_et_pb_use_builder":"off","_et_pb_old_content":"<strong>D\u00e9roul\u00e9 de la journ\u00e9e :<\/strong>\r\n8h45-9h : Caf\u00e9 et pr\u00e9sentation\r\n9h-9h30 : Introduction th\u00e9orique sur le bois et ses techniques. Rappel des consignes de s\u00e9curit\u00e9\r\n9h30-10h : Choix des essences, de la forme de la boite et des d\u00e9tails d\u2019usinage\r\n10h-11h30 : D\u00e9bit et corroyage\r\n11h30-12h : Usinage \/ collage en fonction des choix de chacun\r\n<strong>D\u00e9jeuner<\/strong>\r\n13h30-14h30 : Mise en forme des \u00e9l\u00e9ments\r\n14h30-15h30 : Assemblage final\r\n16h30-17h : Pon\u00e7age et finition","_et_gb_content_width":""},"product_brand":[],"product_cat":[87,34],"product_tag":[62],"class_list":{"0":"post-1316","1":"product","2":"type-product","3":"status-publish","4":"has-post-thumbnail","6":"product_cat-atelier-cadres","7":"product_cat-ateliers-particuliers","8":"product_tag-boite-reservation","10":"first","11":"instock","12":"virtual","13":"taxable","14":"purchasable","15":"product-type-simple"},"yoast_head":"<!-- This site is optimized with the Yoast SEO plugin v27.3 - https:\/\/yoast.com\/product\/yoast-seo-wordpress\/ -->\n<title>Bon cadeau atelier immersif - L&#039;\u00c9TABLI<\/title>\n<meta name=\"description\" content=\"bon cadeau atelier planche \u00e0 d\u00e9couper en bois : ch\u00eane, h\u00eatre, fr\u00eane, noyer. Atelier journ\u00e9e compl\u00e8te, le temps d&#039;une journ\u00e9e vous \u00eates le menuisier\" \/>\n<meta name=\"robots\" content=\"index, follow, max-snippet:-1, max-image-preview:large, max-video-preview:-1\" \/>\n<link rel=\"canonical\" href=\"https:\/\/atelier-letabli.com\/index.php\/produit\/bon-cadeau-atelier-immersif\/\" \/>\n<meta property=\"og:locale\" content=\"fr_FR\" \/>\n<meta property=\"og:type\" content=\"article\" \/>\n<meta property=\"og:title\" content=\"Bon cadeau atelier immersif - L&#039;\u00c9TABLI\" \/>\n<meta property=\"og:description\" content=\"bon cadeau atelier planche \u00e0 d\u00e9couper en bois : ch\u00eane, h\u00eatre, fr\u00eane, noyer. Atelier journ\u00e9e compl\u00e8te, le temps d&#039;une journ\u00e9e vous \u00eates le menuisier\" \/>\n<meta property=\"og:url\" content=\"https:\/\/atelier-letabli.com\/index.php\/produit\/bon-cadeau-atelier-immersif\/\" \/>\n<meta property=\"og:site_name\" content=\"L&#039;\u00c9TABLI\" \/>\n<meta property=\"article:modified_time\" content=\"2025-12-26T09:29:54+00:00\" \/>\n<meta property=\"og:image\" content=\"https:\/\/atelier-letabli.com\/wp-content\/uploads\/2024\/10\/Le-temps-dune-journee-le-menuisier-cest-toi-Viens-fabriquer-une-planche-a-decouper-unique-et-decouvrir1.png\" \/>\n\t<meta property=\"og:image:width\" content=\"874\" \/>\n\t<meta property=\"og:image:height\" content=\"620\" \/>\n\t<meta property=\"og:image:type\" content=\"image\/png\" \/>\n<meta name=\"twitter:card\" content=\"summary_large_image\" \/>\n<meta name=\"twitter:label1\" content=\"Dur\u00e9e de lecture estim\u00e9e\" \/>\n\t<meta name=\"twitter:data1\" content=\"1 minute\" \/>\n<script type=\"application\/ld+json\" class=\"yoast-schema-graph\">{\"@context\":\"https:\\\/\\\/schema.org\",\"@graph\":[{\"@type\":\"WebPage\",\"@id\":\"https:\\\/\\\/atelier-letabli.com\\\/index.php\\\/produit\\\/bon-cadeau-atelier-immersif\\\/\",\"url\":\"https:\\\/\\\/atelier-letabli.com\\\/index.php\\\/produit\\\/bon-cadeau-atelier-immersif\\\/\",\"name\":\"Bon cadeau atelier immersif - L&#039;\u00c9TABLI\",\"isPartOf\":{\"@id\":\"https:\\\/\\\/atelier-letabli.com\\\/#website\"},\"primaryImageOfPage\":{\"@id\":\"https:\\\/\\\/atelier-letabli.com\\\/index.php\\\/produit\\\/bon-cadeau-atelier-immersif\\\/#primaryimage\"},\"image\":{\"@id\":\"https:\\\/\\\/atelier-letabli.com\\\/index.php\\\/produit\\\/bon-cadeau-atelier-immersif\\\/#primaryimage\"},\"thumbnailUrl\":\"https:\\\/\\\/atelier-letabli.com\\\/wp-content\\\/uploads\\\/2024\\\/10\\\/Le-temps-dune-journee-le-menuisier-cest-toi-Viens-fabriquer-une-planche-a-decouper-unique-et-decouvrir1.png\",\"datePublished\":\"2024-11-01T08:53:58+00:00\",\"dateModified\":\"2025-12-26T09:29:54+00:00\",\"description\":\"bon cadeau atelier planche \u00e0 d\u00e9couper en bois : ch\u00eane, h\u00eatre, fr\u00eane, noyer. Atelier journ\u00e9e compl\u00e8te, le temps d'une journ\u00e9e vous \u00eates le menuisier\",\"breadcrumb\":{\"@id\":\"https:\\\/\\\/atelier-letabli.com\\\/index.php\\\/produit\\\/bon-cadeau-atelier-immersif\\\/#breadcrumb\"},\"inLanguage\":\"fr-FR\",\"potentialAction\":[{\"@type\":\"ReadAction\",\"target\":[\"https:\\\/\\\/atelier-letabli.com\\\/index.php\\\/produit\\\/bon-cadeau-atelier-immersif\\\/\"]}]},{\"@type\":\"ImageObject\",\"inLanguage\":\"fr-FR\",\"@id\":\"https:\\\/\\\/atelier-letabli.com\\\/index.php\\\/produit\\\/bon-cadeau-atelier-immersif\\\/#primaryimage\",\"url\":\"https:\\\/\\\/atelier-letabli.com\\\/wp-content\\\/uploads\\\/2024\\\/10\\\/Le-temps-dune-journee-le-menuisier-cest-toi-Viens-fabriquer-une-planche-a-decouper-unique-et-decouvrir1.png\",\"contentUrl\":\"https:\\\/\\\/atelier-letabli.com\\\/wp-content\\\/uploads\\\/2024\\\/10\\\/Le-temps-dune-journee-le-menuisier-cest-toi-Viens-fabriquer-une-planche-a-decouper-unique-et-decouvrir1.png\",\"width\":874,\"height\":620,\"caption\":\"Bon cadeau pour ateliers courts ou longs\"},{\"@type\":\"BreadcrumbList\",\"@id\":\"https:\\\/\\\/atelier-letabli.com\\\/index.php\\\/produit\\\/bon-cadeau-atelier-immersif\\\/#breadcrumb\",\"itemListElement\":[{\"@type\":\"ListItem\",\"position\":1,\"name\":\"Accueil\",\"item\":\"https:\\\/\\\/atelier-letabli.com\\\/\"},{\"@type\":\"ListItem\",\"position\":2,\"name\":\"Boutique\",\"item\":\"https:\\\/\\\/atelier-letabli.com\\\/index.php\\\/boutique\\\/\"},{\"@type\":\"ListItem\",\"position\":3,\"name\":\"Bon cadeau atelier immersif\"}]},{\"@type\":\"WebSite\",\"@id\":\"https:\\\/\\\/atelier-letabli.com\\\/#website\",\"url\":\"https:\\\/\\\/atelier-letabli.com\\\/\",\"name\":\"L&#039;\u00c9TABLI\",\"description\":\"\",\"potentialAction\":[{\"@type\":\"SearchAction\",\"target\":{\"@type\":\"EntryPoint\",\"urlTemplate\":\"https:\\\/\\\/atelier-letabli.com\\\/?s={search_term_string}\"},\"query-input\":{\"@type\":\"PropertyValueSpecification\",\"valueRequired\":true,\"valueName\":\"search_term_string\"}}],\"inLanguage\":\"fr-FR\"}]}<\/script>\n<!-- \/ Yoast SEO plugin. -->","yoast_head_json":{"title":"Bon cadeau atelier immersif - L&#039;\u00c9TABLI","description":"bon cadeau atelier planche \u00e0 d\u00e9couper en bois : ch\u00eane, h\u00eatre, fr\u00eane, noyer. Atelier journ\u00e9e compl\u00e8te, le temps d'une journ\u00e9e vous \u00eates le menuisier","robots":{"index":"index","follow":"follow","max-snippet":"max-snippet:-1","max-image-preview":"max-image-preview:large","max-video-preview":"max-video-preview:-1"},"canonical":"https:\/\/atelier-letabli.com\/index.php\/produit\/bon-cadeau-atelier-immersif\/","og_locale":"fr_FR","og_type":"article","og_title":"Bon cadeau atelier immersif - L&#039;\u00c9TABLI","og_description":"bon cadeau atelier planche \u00e0 d\u00e9couper en bois : ch\u00eane, h\u00eatre, fr\u00eane, noyer. Atelier journ\u00e9e compl\u00e8te, le temps d'une journ\u00e9e vous \u00eates le menuisier","og_url":"https:\/\/atelier-letabli.com\/index.php\/produit\/bon-cadeau-atelier-immersif\/","og_site_name":"L&#039;\u00c9TABLI","article_modified_time":"2025-12-26T09:29:54+00:00","og_image":[{"width":874,"height":620,"url":"https:\/\/atelier-letabli.com\/wp-content\/uploads\/2024\/10\/Le-temps-dune-journee-le-menuisier-cest-toi-Viens-fabriquer-une-planche-a-decouper-unique-et-decouvrir1.png","type":"image\/png"}],"twitter_card":"summary_large_image","twitter_misc":{"Dur\u00e9e de lecture estim\u00e9e":"1 minute"},"schema":{"@context":"https:\/\/schema.org","@graph":[{"@type":"WebPage","@id":"https:\/\/atelier-letabli.com\/index.php\/produit\/bon-cadeau-atelier-immersif\/","url":"https:\/\/atelier-letabli.com\/index.php\/produit\/bon-cadeau-atelier-immersif\/","name":"Bon cadeau atelier immersif - L&#039;\u00c9TABLI","isPartOf":{"@id":"https:\/\/atelier-letabli.com\/#website"},"primaryImageOfPage":{"@id":"https:\/\/atelier-letabli.com\/index.php\/produit\/bon-cadeau-atelier-immersif\/#primaryimage"},"image":{"@id":"https:\/\/atelier-letabli.com\/index.php\/produit\/bon-cadeau-atelier-immersif\/#primaryimage"},"thumbnailUrl":"https:\/\/atelier-letabli.com\/wp-content\/uploads\/2024\/10\/Le-temps-dune-journee-le-menuisier-cest-toi-Viens-fabriquer-une-planche-a-decouper-unique-et-decouvrir1.png","datePublished":"2024-11-01T08:53:58+00:00","dateModified":"2025-12-26T09:29:54+00:00","description":"bon cadeau atelier planche \u00e0 d\u00e9couper en bois : ch\u00eane, h\u00eatre, fr\u00eane, noyer. Atelier journ\u00e9e compl\u00e8te, le temps d'une journ\u00e9e vous \u00eates le menuisier","breadcrumb":{"@id":"https:\/\/atelier-letabli.com\/index.php\/produit\/bon-cadeau-atelier-immersif\/#breadcrumb"},"inLanguage":"fr-FR","potentialAction":[{"@type":"ReadAction","target":["https:\/\/atelier-letabli.com\/index.php\/produit\/bon-cadeau-atelier-immersif\/"]}]},{"@type":"ImageObject","inLanguage":"fr-FR","@id":"https:\/\/atelier-letabli.com\/index.php\/produit\/bon-cadeau-atelier-immersif\/#primaryimage","url":"https:\/\/atelier-letabli.com\/wp-content\/uploads\/2024\/10\/Le-temps-dune-journee-le-menuisier-cest-toi-Viens-fabriquer-une-planche-a-decouper-unique-et-decouvrir1.png","contentUrl":"https:\/\/atelier-letabli.com\/wp-content\/uploads\/2024\/10\/Le-temps-dune-journee-le-menuisier-cest-toi-Viens-fabriquer-une-planche-a-decouper-unique-et-decouvrir1.png","width":874,"height":620,"caption":"Bon cadeau pour ateliers courts ou longs"},{"@type":"BreadcrumbList","@id":"https:\/\/atelier-letabli.com\/index.php\/produit\/bon-cadeau-atelier-immersif\/#breadcrumb","itemListElement":[{"@type":"ListItem","position":1,"name":"Accueil","item":"https:\/\/atelier-letabli.com\/"},{"@type":"ListItem","position":2,"name":"Boutique","item":"https:\/\/atelier-letabli.com\/index.php\/boutique\/"},{"@type":"ListItem","position":3,"name":"Bon cadeau atelier immersif"}]},{"@type":"WebSite","@id":"https:\/\/atelier-letabli.com\/#website","url":"https:\/\/atelier-letabli.com\/","name":"L&#039;\u00c9TABLI","description":"","potentialAction":[{"@type":"SearchAction","target":{"@type":"EntryPoint","urlTemplate":"https:\/\/atelier-letabli.com\/?s={search_term_string}"},"query-input":{"@type":"PropertyValueSpecification","valueRequired":true,"valueName":"search_term_string"}}],"inLanguage":"fr-FR"}]}},"_links":{"self":[{"href":"https:\/\/atelier-letabli.com\/index.php\/wp-json\/wp\/v2\/product\/1316","targetHints":{"allow":["GET"]}}],"collection":[{"href":"https:\/\/atelier-letabli.com\/index.php\/wp-json\/wp\/v2\/product"}],"about":[{"href":"https:\/\/atelier-letabli.com\/index.php\/wp-json\/wp\/v2\/types\/product"}],"replies":[{"embeddable":true,"href":"https:\/\/atelier-letabli.com\/index.php\/wp-json\/wp\/v2\/comments?post=1316"}],"wp:featuredmedia":[{"embeddable":true,"href":"https:\/\/atelier-letabli.com\/index.php\/wp-json\/wp\/v2\/media\/1308"}],"wp:attachment":[{"href":"https:\/\/atelier-letabli.com\/index.php\/wp-json\/wp\/v2\/media?parent=1316"}],"wp:term":[{"taxonomy":"product_brand","embeddable":true,"href":"https:\/\/atelier-letabli.com\/index.php\/wp-json\/wp\/v2\/product_brand?post=1316"},{"taxonomy":"product_cat","embeddable":true,"href":"https:\/\/atelier-letabli.com\/index.php\/wp-json\/wp\/v2\/product_cat?post=1316"},{"taxonomy":"product_tag","embeddable":true,"href":"https:\/\/atelier-letabli.com\/index.php\/wp-json\/wp\/v2\/product_tag?post=1316"}],"curies":[{"name":"wp","href":"https:\/\/api.w.org\/{rel}","templated":true}]}}