{"id":1417,"date":"2025-01-15T14:52:03","date_gmt":"2025-01-15T13:52:03","guid":{"rendered":"https:\/\/atelier-letabli.com\/?post_type=product&#038;p=1417"},"modified":"2026-01-06T06:33:46","modified_gmt":"2026-01-06T05:33:46","slug":"team-building-banc","status":"publish","type":"product","link":"https:\/\/atelier-letabli.com\/index.php\/produit\/team-building-banc\/","title":{"rendered":"Team building Banc"},"content":{"rendered":"<p><strong>D\u00e9roul\u00e9 de l&rsquo;atelier (matin ou apr\u00e8s midi au choix : 8h-12h ou 14-18h) :<\/strong><br \/>\n8h-8h15 : Caf\u00e9, pr\u00e9sentation et choix des \u00e9quipes<br \/>\n8h15-9h : Mise en forme des \u00e9l\u00e9ments<br \/>\n9h-10h15 : Mortaisage des pieds et des traverses du pi\u00e9tement \/ Usinage et mortaisage de l&rsquo;assise<br \/>\n10h15-10h45 : Collage des \u00e9l\u00e9ments<br \/>\n10h45-11h30 : Quiz<br \/>\n11h30-11h45: Pon\u00e7age final<br \/>\n11h45-12h: Assemblage final du pi\u00e8tement et de l&rsquo;assise<\/p>\n<p>&nbsp;<\/p>\n","protected":false},"excerpt":{"rendered":"<p>Participez \u00e0 cet atelier avec vos collaborateurs et cr\u00e9ez ensemble des souvenirs uniques. Maximum 8 personnes !<\/p>\n<p>Participez \u00e0 une aventure collective et offrez \u00e0 votre \u00e9quipe une exp\u00e9rience m\u00e9morable autour de la menuiserie !<\/p>\n<p>Divis\u00e9s en deux groupes, vous travaillerez sur des parties compl\u00e9mentaires : l\u2019assise et les pieds.<\/p>\n<p>Entre la d\u00e9coupe, l\u2019assemblage, le collage et la fabrication des tenons et mortaises, chaque membre apportera sa pierre \u00e0 l\u2019\u00e9difice.<\/p>\n<p>Un quiz interactif autour de la menuiserie viendra rythmer l\u2019atelier et cr\u00e9er une ambiance conviviale.<\/p>\n<p>Vous repartirez enfin avec bien plus qu\u2019un meuble \u00e0 installer dans vos bureaux : un banc unique, fruit d\u2019une collaboration efficace et d\u2019un esprit d\u2019\u00e9quipe renforc\u00e9 !<\/p>\n<p><span style=\"text-decoration: underline;\"><strong>Comment r\u00e9server ?<\/strong><\/span><\/p>\n<p>Demandez un devis afin que nous puissions r\u00e9pondre pr\u00e9cis\u00e9ment \u00e0 vos attentes.<\/p>\n<p>&nbsp;<\/p>\n","protected":false},"featured_media":1363,"comment_status":"closed","ping_status":"closed","template":"","meta":{"_et_pb_use_builder":"off","_et_pb_old_content":"<strong>D\u00e9roul\u00e9 de la journ\u00e9e :<\/strong>\r\n8h45-9h : Caf\u00e9 et pr\u00e9sentation\r\n9h-9h30 : Introduction th\u00e9orique sur le bois et ses techniques. Rappel des consignes de s\u00e9curit\u00e9\r\n9h30-10h : Choix des essences, de la forme de la boite et des d\u00e9tails d\u2019usinage\r\n10h-11h30 : D\u00e9bit et corroyage\r\n11h30-12h : Usinage \/ collage en fonction des choix de chacun\r\n<strong>D\u00e9jeuner<\/strong>\r\n13h30-14h30 : Mise en forme des \u00e9l\u00e9ments\r\n14h30-15h30 : Assemblage final\r\n16h30-17h : Pon\u00e7age et finition","_et_gb_content_width":""},"product_brand":[],"product_cat":[87,34],"product_tag":[62],"class_list":{"0":"post-1417","1":"product","2":"type-product","3":"status-publish","4":"has-post-thumbnail","6":"product_cat-atelier-cadres","7":"product_cat-ateliers-particuliers","8":"product_tag-boite-reservation","10":"first","11":"instock","12":"virtual","13":"taxable","14":"purchasable","15":"product-type-simple"},"yoast_head":"<!-- This site is optimized with the Yoast SEO plugin v27.3 - https:\/\/yoast.com\/product\/yoast-seo-wordpress\/ -->\n<title>Team building Banc - L&#039;\u00c9TABLI<\/title>\n<meta name=\"description\" content=\"Atelier de groupe pour r\u00e9aliser un banc. Renforcez la coh\u00e9sion d\u2019\u00e9quipe lors d\u2019un atelier team building unique avec la fabrication d\u2019un banc en ch\u00eane.\" \/>\n<meta name=\"robots\" content=\"index, follow, max-snippet:-1, max-image-preview:large, max-video-preview:-1\" \/>\n<link rel=\"canonical\" href=\"https:\/\/atelier-letabli.com\/index.php\/produit\/team-building-banc\/\" \/>\n<meta property=\"og:locale\" content=\"fr_FR\" \/>\n<meta property=\"og:type\" content=\"article\" \/>\n<meta property=\"og:title\" content=\"Team building Banc - L&#039;\u00c9TABLI\" \/>\n<meta property=\"og:description\" content=\"Atelier de groupe pour r\u00e9aliser un banc. Renforcez la coh\u00e9sion d\u2019\u00e9quipe lors d\u2019un atelier team building unique avec la fabrication d\u2019un banc en ch\u00eane.\" \/>\n<meta property=\"og:url\" content=\"https:\/\/atelier-letabli.com\/index.php\/produit\/team-building-banc\/\" \/>\n<meta property=\"og:site_name\" content=\"L&#039;\u00c9TABLI\" \/>\n<meta property=\"article:modified_time\" content=\"2026-01-06T05:33:46+00:00\" \/>\n<meta property=\"og:image\" content=\"https:\/\/atelier-letabli.com\/wp-content\/uploads\/2024\/12\/wecandoo0022.jpg\" \/>\n\t<meta property=\"og:image:width\" content=\"2560\" \/>\n\t<meta property=\"og:image:height\" content=\"1920\" \/>\n\t<meta property=\"og:image:type\" content=\"image\/jpeg\" \/>\n<meta name=\"twitter:card\" content=\"summary_large_image\" \/>\n<meta name=\"twitter:label1\" content=\"Dur\u00e9e de lecture estim\u00e9e\" \/>\n\t<meta name=\"twitter:data1\" content=\"1 minute\" \/>\n<script type=\"application\/ld+json\" class=\"yoast-schema-graph\">{\"@context\":\"https:\\\/\\\/schema.org\",\"@graph\":[{\"@type\":\"WebPage\",\"@id\":\"https:\\\/\\\/atelier-letabli.com\\\/index.php\\\/produit\\\/team-building-banc\\\/\",\"url\":\"https:\\\/\\\/atelier-letabli.com\\\/index.php\\\/produit\\\/team-building-banc\\\/\",\"name\":\"Team building Banc - L&#039;\u00c9TABLI\",\"isPartOf\":{\"@id\":\"https:\\\/\\\/atelier-letabli.com\\\/#website\"},\"primaryImageOfPage\":{\"@id\":\"https:\\\/\\\/atelier-letabli.com\\\/index.php\\\/produit\\\/team-building-banc\\\/#primaryimage\"},\"image\":{\"@id\":\"https:\\\/\\\/atelier-letabli.com\\\/index.php\\\/produit\\\/team-building-banc\\\/#primaryimage\"},\"thumbnailUrl\":\"https:\\\/\\\/atelier-letabli.com\\\/wp-content\\\/uploads\\\/2024\\\/12\\\/wecandoo0022.jpg\",\"datePublished\":\"2025-01-15T13:52:03+00:00\",\"dateModified\":\"2026-01-06T05:33:46+00:00\",\"description\":\"Atelier de groupe pour r\u00e9aliser un banc. Renforcez la coh\u00e9sion d\u2019\u00e9quipe lors d\u2019un atelier team building unique avec la fabrication d\u2019un banc en ch\u00eane.\",\"breadcrumb\":{\"@id\":\"https:\\\/\\\/atelier-letabli.com\\\/index.php\\\/produit\\\/team-building-banc\\\/#breadcrumb\"},\"inLanguage\":\"fr-FR\",\"potentialAction\":[{\"@type\":\"ReadAction\",\"target\":[\"https:\\\/\\\/atelier-letabli.com\\\/index.php\\\/produit\\\/team-building-banc\\\/\"]}]},{\"@type\":\"ImageObject\",\"inLanguage\":\"fr-FR\",\"@id\":\"https:\\\/\\\/atelier-letabli.com\\\/index.php\\\/produit\\\/team-building-banc\\\/#primaryimage\",\"url\":\"https:\\\/\\\/atelier-letabli.com\\\/wp-content\\\/uploads\\\/2024\\\/12\\\/wecandoo0022.jpg\",\"contentUrl\":\"https:\\\/\\\/atelier-letabli.com\\\/wp-content\\\/uploads\\\/2024\\\/12\\\/wecandoo0022.jpg\",\"width\":2560,\"height\":1920,\"caption\":\"Team building banc ch\u00eane\"},{\"@type\":\"BreadcrumbList\",\"@id\":\"https:\\\/\\\/atelier-letabli.com\\\/index.php\\\/produit\\\/team-building-banc\\\/#breadcrumb\",\"itemListElement\":[{\"@type\":\"ListItem\",\"position\":1,\"name\":\"Accueil\",\"item\":\"https:\\\/\\\/atelier-letabli.com\\\/\"},{\"@type\":\"ListItem\",\"position\":2,\"name\":\"Boutique\",\"item\":\"https:\\\/\\\/atelier-letabli.com\\\/index.php\\\/boutique\\\/\"},{\"@type\":\"ListItem\",\"position\":3,\"name\":\"Team building Banc\"}]},{\"@type\":\"WebSite\",\"@id\":\"https:\\\/\\\/atelier-letabli.com\\\/#website\",\"url\":\"https:\\\/\\\/atelier-letabli.com\\\/\",\"name\":\"L&#039;\u00c9TABLI\",\"description\":\"\",\"potentialAction\":[{\"@type\":\"SearchAction\",\"target\":{\"@type\":\"EntryPoint\",\"urlTemplate\":\"https:\\\/\\\/atelier-letabli.com\\\/?s={search_term_string}\"},\"query-input\":{\"@type\":\"PropertyValueSpecification\",\"valueRequired\":true,\"valueName\":\"search_term_string\"}}],\"inLanguage\":\"fr-FR\"}]}<\/script>\n<!-- \/ Yoast SEO plugin. -->","yoast_head_json":{"title":"Team building Banc - L&#039;\u00c9TABLI","description":"Atelier de groupe pour r\u00e9aliser un banc. Renforcez la coh\u00e9sion d\u2019\u00e9quipe lors d\u2019un atelier team building unique avec la fabrication d\u2019un banc en ch\u00eane.","robots":{"index":"index","follow":"follow","max-snippet":"max-snippet:-1","max-image-preview":"max-image-preview:large","max-video-preview":"max-video-preview:-1"},"canonical":"https:\/\/atelier-letabli.com\/index.php\/produit\/team-building-banc\/","og_locale":"fr_FR","og_type":"article","og_title":"Team building Banc - L&#039;\u00c9TABLI","og_description":"Atelier de groupe pour r\u00e9aliser un banc. Renforcez la coh\u00e9sion d\u2019\u00e9quipe lors d\u2019un atelier team building unique avec la fabrication d\u2019un banc en ch\u00eane.","og_url":"https:\/\/atelier-letabli.com\/index.php\/produit\/team-building-banc\/","og_site_name":"L&#039;\u00c9TABLI","article_modified_time":"2026-01-06T05:33:46+00:00","og_image":[{"width":2560,"height":1920,"url":"https:\/\/atelier-letabli.com\/wp-content\/uploads\/2024\/12\/wecandoo0022.jpg","type":"image\/jpeg"}],"twitter_card":"summary_large_image","twitter_misc":{"Dur\u00e9e de lecture estim\u00e9e":"1 minute"},"schema":{"@context":"https:\/\/schema.org","@graph":[{"@type":"WebPage","@id":"https:\/\/atelier-letabli.com\/index.php\/produit\/team-building-banc\/","url":"https:\/\/atelier-letabli.com\/index.php\/produit\/team-building-banc\/","name":"Team building Banc - L&#039;\u00c9TABLI","isPartOf":{"@id":"https:\/\/atelier-letabli.com\/#website"},"primaryImageOfPage":{"@id":"https:\/\/atelier-letabli.com\/index.php\/produit\/team-building-banc\/#primaryimage"},"image":{"@id":"https:\/\/atelier-letabli.com\/index.php\/produit\/team-building-banc\/#primaryimage"},"thumbnailUrl":"https:\/\/atelier-letabli.com\/wp-content\/uploads\/2024\/12\/wecandoo0022.jpg","datePublished":"2025-01-15T13:52:03+00:00","dateModified":"2026-01-06T05:33:46+00:00","description":"Atelier de groupe pour r\u00e9aliser un banc. Renforcez la coh\u00e9sion d\u2019\u00e9quipe lors d\u2019un atelier team building unique avec la fabrication d\u2019un banc en ch\u00eane.","breadcrumb":{"@id":"https:\/\/atelier-letabli.com\/index.php\/produit\/team-building-banc\/#breadcrumb"},"inLanguage":"fr-FR","potentialAction":[{"@type":"ReadAction","target":["https:\/\/atelier-letabli.com\/index.php\/produit\/team-building-banc\/"]}]},{"@type":"ImageObject","inLanguage":"fr-FR","@id":"https:\/\/atelier-letabli.com\/index.php\/produit\/team-building-banc\/#primaryimage","url":"https:\/\/atelier-letabli.com\/wp-content\/uploads\/2024\/12\/wecandoo0022.jpg","contentUrl":"https:\/\/atelier-letabli.com\/wp-content\/uploads\/2024\/12\/wecandoo0022.jpg","width":2560,"height":1920,"caption":"Team building banc ch\u00eane"},{"@type":"BreadcrumbList","@id":"https:\/\/atelier-letabli.com\/index.php\/produit\/team-building-banc\/#breadcrumb","itemListElement":[{"@type":"ListItem","position":1,"name":"Accueil","item":"https:\/\/atelier-letabli.com\/"},{"@type":"ListItem","position":2,"name":"Boutique","item":"https:\/\/atelier-letabli.com\/index.php\/boutique\/"},{"@type":"ListItem","position":3,"name":"Team building Banc"}]},{"@type":"WebSite","@id":"https:\/\/atelier-letabli.com\/#website","url":"https:\/\/atelier-letabli.com\/","name":"L&#039;\u00c9TABLI","description":"","potentialAction":[{"@type":"SearchAction","target":{"@type":"EntryPoint","urlTemplate":"https:\/\/atelier-letabli.com\/?s={search_term_string}"},"query-input":{"@type":"PropertyValueSpecification","valueRequired":true,"valueName":"search_term_string"}}],"inLanguage":"fr-FR"}]}},"_links":{"self":[{"href":"https:\/\/atelier-letabli.com\/index.php\/wp-json\/wp\/v2\/product\/1417","targetHints":{"allow":["GET"]}}],"collection":[{"href":"https:\/\/atelier-letabli.com\/index.php\/wp-json\/wp\/v2\/product"}],"about":[{"href":"https:\/\/atelier-letabli.com\/index.php\/wp-json\/wp\/v2\/types\/product"}],"replies":[{"embeddable":true,"href":"https:\/\/atelier-letabli.com\/index.php\/wp-json\/wp\/v2\/comments?post=1417"}],"wp:featuredmedia":[{"embeddable":true,"href":"https:\/\/atelier-letabli.com\/index.php\/wp-json\/wp\/v2\/media\/1363"}],"wp:attachment":[{"href":"https:\/\/atelier-letabli.com\/index.php\/wp-json\/wp\/v2\/media?parent=1417"}],"wp:term":[{"taxonomy":"product_brand","embeddable":true,"href":"https:\/\/atelier-letabli.com\/index.php\/wp-json\/wp\/v2\/product_brand?post=1417"},{"taxonomy":"product_cat","embeddable":true,"href":"https:\/\/atelier-letabli.com\/index.php\/wp-json\/wp\/v2\/product_cat?post=1417"},{"taxonomy":"product_tag","embeddable":true,"href":"https:\/\/atelier-letabli.com\/index.php\/wp-json\/wp\/v2\/product_tag?post=1417"}],"curies":[{"name":"wp","href":"https:\/\/api.w.org\/{rel}","templated":true}]}}