{"id":1648,"date":"2026-01-06T06:14:03","date_gmt":"2026-01-06T05:14:03","guid":{"rendered":"https:\/\/atelier-letabli.com\/?post_type=product&#038;p=1648"},"modified":"2026-01-06T06:29:05","modified_gmt":"2026-01-06T05:29:05","slug":"team-building-puissance-4-geant","status":"publish","type":"product","link":"https:\/\/atelier-letabli.com\/index.php\/produit\/team-building-puissance-4-geant\/","title":{"rendered":"Puissance 4 g\u00e9ant"},"content":{"rendered":"<p><strong>D\u00e9roul\u00e9 de l&rsquo;atelier (matin ou apr\u00e8s midi au choix : 9h-12h ou 14-17h) :<\/strong><br \/>\n9h00 \u2013 9h15 : Caf\u00e9, pr\u00e9sentation et choix des \u00e9quipes<br \/>\n9h15 \u2013 09h45 : Quadrillage des panneaux \/ D\u00e9coupe des pions.<br \/>\n09h45 \u2013 10h15 : Per\u00e7age des cadres \/ pr\u00e9paration des entretoises<br \/>\n10h15 \u2013 11h : Assemblage du cadre \/ pon\u00e7age et peinture des pions \/ montage du m\u00e9canisme (temps de collage + s\u00e9chage pions)<br \/>\n11h \u2013 11h15 : Quiz<br \/>\n11h15 \u2013 11h45 : Assemblage des pieds<br \/>\n11h45 \u2013 11h55 : Assemblage final<br \/>\n11h55 \u2013 12h00 : Test du jeu et photos.<\/p>\n<p>&nbsp;<\/p>\n","protected":false},"excerpt":{"rendered":"<p>Vivez une exp\u00e9rience unique de coh\u00e9sion d\u2019\u00e9quipe en fabriquant ensemble un Puissance 4 g\u00e9ant en bois !<\/p>\n<p>Maximum 10 personnes, minimum 6. Prix adaptable en fonction du nombre de personne (devis sur demande).<\/p>\n<p>Plongez dans un atelier collaboratif o\u00f9 cr\u00e9ativit\u00e9 et travail manuel se m\u00ealent pour donner vie \u00e0 un jeu mythique, revisit\u00e9 en version XXL.<br \/>\nDivis\u00e9s en plusieurs groupes, vous travaillerez sur des \u00e9l\u00e9ments compl\u00e9mentaires : les panneaux \u00e0 assembler, les pions, les pieds et la quincaillerie.<br \/>\nD\u00e9coupe, pon\u00e7age, per\u00e7age et assemblage rythmeront l\u2019activit\u00e9, permettant \u00e0 chacun de contribuer activement au projet commun.<br \/>\nUn quiz interactif autour de la menuiserie viendra rythmer l\u2019atelier et cr\u00e9er une ambiance conviviale.<br \/>\n\u00c0 la fin, vous ne repartirez pas seulement avec un jeu en bois fonctionnel et spectaculaire \u00e0 installer dans vos bureaux : vous repartirez surtout avec le souvenir d\u2019un vrai moment de partage et la fiert\u00e9 d\u2019avoir cr\u00e9\u00e9 ensemble une pi\u00e8ce unique !<\/p>\n<p><span style=\"text-decoration: underline;\"><strong>Comment r\u00e9server ?<\/strong><\/span><\/p>\n<p>Demandez un devis afin que nous puissions r\u00e9pondre pr\u00e9cis\u00e9ment \u00e0 vos attentes.<\/p>\n","protected":false},"featured_media":1634,"comment_status":"closed","ping_status":"closed","template":"","meta":{"_et_pb_use_builder":"off","_et_pb_old_content":"<strong>D\u00e9roul\u00e9 de la journ\u00e9e :<\/strong>\r\n8h45-9h : Caf\u00e9 et pr\u00e9sentation\r\n9h-9h30 : Introduction th\u00e9orique sur le bois et ses techniques. Rappel des consignes de s\u00e9curit\u00e9\r\n9h30-10h : Choix des essences, de la forme de la boite et des d\u00e9tails d\u2019usinage\r\n10h-11h30 : D\u00e9bit et corroyage\r\n11h30-12h : Usinage \/ collage en fonction des choix de chacun\r\n<strong>D\u00e9jeuner<\/strong>\r\n13h30-14h30 : Mise en forme des \u00e9l\u00e9ments\r\n14h30-15h30 : Assemblage final\r\n16h30-17h : Pon\u00e7age et finition","_et_gb_content_width":""},"product_brand":[],"product_cat":[87,34],"product_tag":[62],"class_list":{"0":"post-1648","1":"product","2":"type-product","3":"status-publish","4":"has-post-thumbnail","6":"product_cat-atelier-cadres","7":"product_cat-ateliers-particuliers","8":"product_tag-boite-reservation","10":"first","11":"instock","12":"virtual","13":"taxable","14":"purchasable","15":"product-type-simple"},"yoast_head":"<!-- This site is optimized with the Yoast SEO plugin v27.3 - https:\/\/yoast.com\/product\/yoast-seo-wordpress\/ -->\n<title>Puissance 4 g\u00e9ant - L&#039;\u00c9TABLI<\/title>\n<meta name=\"description\" content=\"Atelier de groupe team building pour r\u00e9aliser un jeu puissance 4 g\u00e9ant en contreplaqu\u00e9 et ch\u00eane. Pions de couleurs. Quiz pendant l&#039;atelier\" \/>\n<meta name=\"robots\" content=\"index, follow, max-snippet:-1, max-image-preview:large, max-video-preview:-1\" \/>\n<link rel=\"canonical\" href=\"https:\/\/atelier-letabli.com\/index.php\/produit\/team-building-puissance-4-geant\/\" \/>\n<meta property=\"og:locale\" content=\"fr_FR\" \/>\n<meta property=\"og:type\" content=\"article\" \/>\n<meta property=\"og:title\" content=\"Puissance 4 g\u00e9ant - L&#039;\u00c9TABLI\" \/>\n<meta property=\"og:description\" content=\"Atelier de groupe team building pour r\u00e9aliser un jeu puissance 4 g\u00e9ant en contreplaqu\u00e9 et ch\u00eane. Pions de couleurs. Quiz pendant l&#039;atelier\" \/>\n<meta property=\"og:url\" content=\"https:\/\/atelier-letabli.com\/index.php\/produit\/team-building-puissance-4-geant\/\" \/>\n<meta property=\"og:site_name\" content=\"L&#039;\u00c9TABLI\" \/>\n<meta property=\"article:modified_time\" content=\"2026-01-06T05:29:05+00:00\" \/>\n<meta property=\"og:image\" content=\"https:\/\/atelier-letabli.com\/wp-content\/uploads\/2026\/01\/Puissance4-geant.jpg\" \/>\n\t<meta property=\"og:image:width\" content=\"2000\" \/>\n\t<meta property=\"og:image:height\" content=\"1125\" \/>\n\t<meta property=\"og:image:type\" content=\"image\/jpeg\" \/>\n<meta name=\"twitter:card\" content=\"summary_large_image\" \/>\n<meta name=\"twitter:label1\" content=\"Dur\u00e9e de lecture estim\u00e9e\" \/>\n\t<meta name=\"twitter:data1\" content=\"1 minute\" \/>\n<script type=\"application\/ld+json\" class=\"yoast-schema-graph\">{\"@context\":\"https:\\\/\\\/schema.org\",\"@graph\":[{\"@type\":\"WebPage\",\"@id\":\"https:\\\/\\\/atelier-letabli.com\\\/index.php\\\/produit\\\/team-building-puissance-4-geant\\\/\",\"url\":\"https:\\\/\\\/atelier-letabli.com\\\/index.php\\\/produit\\\/team-building-puissance-4-geant\\\/\",\"name\":\"Puissance 4 g\u00e9ant - L&#039;\u00c9TABLI\",\"isPartOf\":{\"@id\":\"https:\\\/\\\/atelier-letabli.com\\\/#website\"},\"primaryImageOfPage\":{\"@id\":\"https:\\\/\\\/atelier-letabli.com\\\/index.php\\\/produit\\\/team-building-puissance-4-geant\\\/#primaryimage\"},\"image\":{\"@id\":\"https:\\\/\\\/atelier-letabli.com\\\/index.php\\\/produit\\\/team-building-puissance-4-geant\\\/#primaryimage\"},\"thumbnailUrl\":\"https:\\\/\\\/atelier-letabli.com\\\/wp-content\\\/uploads\\\/2026\\\/01\\\/Puissance4-geant.jpg\",\"datePublished\":\"2026-01-06T05:14:03+00:00\",\"dateModified\":\"2026-01-06T05:29:05+00:00\",\"description\":\"Atelier de groupe team building pour r\u00e9aliser un jeu puissance 4 g\u00e9ant en contreplaqu\u00e9 et ch\u00eane. Pions de couleurs. Quiz pendant l'atelier\",\"breadcrumb\":{\"@id\":\"https:\\\/\\\/atelier-letabli.com\\\/index.php\\\/produit\\\/team-building-puissance-4-geant\\\/#breadcrumb\"},\"inLanguage\":\"fr-FR\",\"potentialAction\":[{\"@type\":\"ReadAction\",\"target\":[\"https:\\\/\\\/atelier-letabli.com\\\/index.php\\\/produit\\\/team-building-puissance-4-geant\\\/\"]}]},{\"@type\":\"ImageObject\",\"inLanguage\":\"fr-FR\",\"@id\":\"https:\\\/\\\/atelier-letabli.com\\\/index.php\\\/produit\\\/team-building-puissance-4-geant\\\/#primaryimage\",\"url\":\"https:\\\/\\\/atelier-letabli.com\\\/wp-content\\\/uploads\\\/2026\\\/01\\\/Puissance4-geant.jpg\",\"contentUrl\":\"https:\\\/\\\/atelier-letabli.com\\\/wp-content\\\/uploads\\\/2026\\\/01\\\/Puissance4-geant.jpg\",\"width\":2000,\"height\":1125},{\"@type\":\"BreadcrumbList\",\"@id\":\"https:\\\/\\\/atelier-letabli.com\\\/index.php\\\/produit\\\/team-building-puissance-4-geant\\\/#breadcrumb\",\"itemListElement\":[{\"@type\":\"ListItem\",\"position\":1,\"name\":\"Accueil\",\"item\":\"https:\\\/\\\/atelier-letabli.com\\\/\"},{\"@type\":\"ListItem\",\"position\":2,\"name\":\"Boutique\",\"item\":\"https:\\\/\\\/atelier-letabli.com\\\/index.php\\\/boutique\\\/\"},{\"@type\":\"ListItem\",\"position\":3,\"name\":\"Puissance 4 g\u00e9ant\"}]},{\"@type\":\"WebSite\",\"@id\":\"https:\\\/\\\/atelier-letabli.com\\\/#website\",\"url\":\"https:\\\/\\\/atelier-letabli.com\\\/\",\"name\":\"L&#039;\u00c9TABLI\",\"description\":\"\",\"potentialAction\":[{\"@type\":\"SearchAction\",\"target\":{\"@type\":\"EntryPoint\",\"urlTemplate\":\"https:\\\/\\\/atelier-letabli.com\\\/?s={search_term_string}\"},\"query-input\":{\"@type\":\"PropertyValueSpecification\",\"valueRequired\":true,\"valueName\":\"search_term_string\"}}],\"inLanguage\":\"fr-FR\"}]}<\/script>\n<!-- \/ Yoast SEO plugin. -->","yoast_head_json":{"title":"Puissance 4 g\u00e9ant - L&#039;\u00c9TABLI","description":"Atelier de groupe team building pour r\u00e9aliser un jeu puissance 4 g\u00e9ant en contreplaqu\u00e9 et ch\u00eane. Pions de couleurs. Quiz pendant l'atelier","robots":{"index":"index","follow":"follow","max-snippet":"max-snippet:-1","max-image-preview":"max-image-preview:large","max-video-preview":"max-video-preview:-1"},"canonical":"https:\/\/atelier-letabli.com\/index.php\/produit\/team-building-puissance-4-geant\/","og_locale":"fr_FR","og_type":"article","og_title":"Puissance 4 g\u00e9ant - L&#039;\u00c9TABLI","og_description":"Atelier de groupe team building pour r\u00e9aliser un jeu puissance 4 g\u00e9ant en contreplaqu\u00e9 et ch\u00eane. Pions de couleurs. Quiz pendant l'atelier","og_url":"https:\/\/atelier-letabli.com\/index.php\/produit\/team-building-puissance-4-geant\/","og_site_name":"L&#039;\u00c9TABLI","article_modified_time":"2026-01-06T05:29:05+00:00","og_image":[{"width":2000,"height":1125,"url":"https:\/\/atelier-letabli.com\/wp-content\/uploads\/2026\/01\/Puissance4-geant.jpg","type":"image\/jpeg"}],"twitter_card":"summary_large_image","twitter_misc":{"Dur\u00e9e de lecture estim\u00e9e":"1 minute"},"schema":{"@context":"https:\/\/schema.org","@graph":[{"@type":"WebPage","@id":"https:\/\/atelier-letabli.com\/index.php\/produit\/team-building-puissance-4-geant\/","url":"https:\/\/atelier-letabli.com\/index.php\/produit\/team-building-puissance-4-geant\/","name":"Puissance 4 g\u00e9ant - L&#039;\u00c9TABLI","isPartOf":{"@id":"https:\/\/atelier-letabli.com\/#website"},"primaryImageOfPage":{"@id":"https:\/\/atelier-letabli.com\/index.php\/produit\/team-building-puissance-4-geant\/#primaryimage"},"image":{"@id":"https:\/\/atelier-letabli.com\/index.php\/produit\/team-building-puissance-4-geant\/#primaryimage"},"thumbnailUrl":"https:\/\/atelier-letabli.com\/wp-content\/uploads\/2026\/01\/Puissance4-geant.jpg","datePublished":"2026-01-06T05:14:03+00:00","dateModified":"2026-01-06T05:29:05+00:00","description":"Atelier de groupe team building pour r\u00e9aliser un jeu puissance 4 g\u00e9ant en contreplaqu\u00e9 et ch\u00eane. Pions de couleurs. Quiz pendant l'atelier","breadcrumb":{"@id":"https:\/\/atelier-letabli.com\/index.php\/produit\/team-building-puissance-4-geant\/#breadcrumb"},"inLanguage":"fr-FR","potentialAction":[{"@type":"ReadAction","target":["https:\/\/atelier-letabli.com\/index.php\/produit\/team-building-puissance-4-geant\/"]}]},{"@type":"ImageObject","inLanguage":"fr-FR","@id":"https:\/\/atelier-letabli.com\/index.php\/produit\/team-building-puissance-4-geant\/#primaryimage","url":"https:\/\/atelier-letabli.com\/wp-content\/uploads\/2026\/01\/Puissance4-geant.jpg","contentUrl":"https:\/\/atelier-letabli.com\/wp-content\/uploads\/2026\/01\/Puissance4-geant.jpg","width":2000,"height":1125},{"@type":"BreadcrumbList","@id":"https:\/\/atelier-letabli.com\/index.php\/produit\/team-building-puissance-4-geant\/#breadcrumb","itemListElement":[{"@type":"ListItem","position":1,"name":"Accueil","item":"https:\/\/atelier-letabli.com\/"},{"@type":"ListItem","position":2,"name":"Boutique","item":"https:\/\/atelier-letabli.com\/index.php\/boutique\/"},{"@type":"ListItem","position":3,"name":"Puissance 4 g\u00e9ant"}]},{"@type":"WebSite","@id":"https:\/\/atelier-letabli.com\/#website","url":"https:\/\/atelier-letabli.com\/","name":"L&#039;\u00c9TABLI","description":"","potentialAction":[{"@type":"SearchAction","target":{"@type":"EntryPoint","urlTemplate":"https:\/\/atelier-letabli.com\/?s={search_term_string}"},"query-input":{"@type":"PropertyValueSpecification","valueRequired":true,"valueName":"search_term_string"}}],"inLanguage":"fr-FR"}]}},"_links":{"self":[{"href":"https:\/\/atelier-letabli.com\/index.php\/wp-json\/wp\/v2\/product\/1648","targetHints":{"allow":["GET"]}}],"collection":[{"href":"https:\/\/atelier-letabli.com\/index.php\/wp-json\/wp\/v2\/product"}],"about":[{"href":"https:\/\/atelier-letabli.com\/index.php\/wp-json\/wp\/v2\/types\/product"}],"replies":[{"embeddable":true,"href":"https:\/\/atelier-letabli.com\/index.php\/wp-json\/wp\/v2\/comments?post=1648"}],"wp:featuredmedia":[{"embeddable":true,"href":"https:\/\/atelier-letabli.com\/index.php\/wp-json\/wp\/v2\/media\/1634"}],"wp:attachment":[{"href":"https:\/\/atelier-letabli.com\/index.php\/wp-json\/wp\/v2\/media?parent=1648"}],"wp:term":[{"taxonomy":"product_brand","embeddable":true,"href":"https:\/\/atelier-letabli.com\/index.php\/wp-json\/wp\/v2\/product_brand?post=1648"},{"taxonomy":"product_cat","embeddable":true,"href":"https:\/\/atelier-letabli.com\/index.php\/wp-json\/wp\/v2\/product_cat?post=1648"},{"taxonomy":"product_tag","embeddable":true,"href":"https:\/\/atelier-letabli.com\/index.php\/wp-json\/wp\/v2\/product_tag?post=1648"}],"curies":[{"name":"wp","href":"https:\/\/api.w.org\/{rel}","templated":true}]}}