{"id":518,"date":"2022-10-25T09:10:36","date_gmt":"2022-10-25T07:10:36","guid":{"rendered":"https:\/\/atelier-letabli.com\/?post_type=product&#038;p=518"},"modified":"2024-04-30T11:03:12","modified_gmt":"2024-04-30T09:03:12","slug":"la-table-a-cafe","status":"publish","type":"product","link":"https:\/\/atelier-letabli.com\/index.php\/produit\/la-table-a-cafe\/","title":{"rendered":"La table \u00e0 caf\u00e9"},"content":{"rendered":"<p>Et si vous fabriquiez votre table \u00e0 caf\u00e9 ? Vous aurez le choix entre une table ronde ou carr\u00e9 avec le choix de l&rsquo;essence de bois : ch\u00eane, noyer ou fr\u00eane.<\/p>\n<p>Cet atelier vous permettra de voir des techniques d&rsquo;assemblage et d&rsquo;usinage particuli\u00e8re.<\/p>\n<p>Vous ne prendrez plus votre caf\u00e9 de la m\u00eame mani\u00e8re !<\/p>\n","protected":false},"excerpt":{"rendered":"<p>Atelier en cours d&rsquo;\u00e9laboration. Merci de patienter encore un peu \ud83d\ude09<\/p>\n","protected":false},"featured_media":510,"comment_status":"closed","ping_status":"closed","template":"","meta":{"_et_pb_use_builder":"on","_et_pb_old_content":"Et si vous fabriquiez votre table \u00e0 caf\u00e9 ? Vous aurez le choix entre une table ronde ou carr\u00e9 avec le choix de l'essence de bois : ch\u00eane, noyer ou fr\u00eane.\r\n\r\nCet atelier vous permettra de voir des techniques d'assemblage et d'usinage particuli\u00e8re.\r\n\r\nVous ne prendrez plus votre caf\u00e9 de la m\u00eame mani\u00e8re !","_et_gb_content_width":""},"product_brand":[],"product_cat":[34],"product_tag":[39],"class_list":{"0":"post-518","1":"product","2":"type-product","3":"status-publish","4":"has-post-thumbnail","6":"product_cat-ateliers-particuliers","7":"product_tag-table-a-cafe","9":"first","10":"outofstock","11":"virtual","12":"taxable","13":"purchasable","14":"product-type-simple"},"yoast_head":"<!-- This site is optimized with the Yoast SEO plugin v27.3 - https:\/\/yoast.com\/product\/yoast-seo-wordpress\/ -->\n<title>La table \u00e0 caf\u00e9 - L&#039;\u00c9TABLI<\/title>\n<meta name=\"robots\" content=\"index, follow, max-snippet:-1, max-image-preview:large, max-video-preview:-1\" \/>\n<link rel=\"canonical\" href=\"https:\/\/atelier-letabli.com\/index.php\/produit\/la-table-a-cafe\/\" \/>\n<meta property=\"og:locale\" content=\"fr_FR\" \/>\n<meta property=\"og:type\" content=\"article\" \/>\n<meta property=\"og:title\" content=\"La table \u00e0 caf\u00e9 - L&#039;\u00c9TABLI\" \/>\n<meta property=\"og:description\" content=\"Atelier en cours d&#039;\u00e9laboration. Merci de patienter encore un peu ;)\" \/>\n<meta property=\"og:url\" content=\"https:\/\/atelier-letabli.com\/index.php\/produit\/la-table-a-cafe\/\" \/>\n<meta property=\"og:site_name\" content=\"L&#039;\u00c9TABLI\" \/>\n<meta property=\"article:modified_time\" content=\"2024-04-30T09:03:12+00:00\" \/>\n<meta property=\"og:image\" content=\"https:\/\/atelier-letabli.com\/wp-content\/uploads\/2022\/10\/furniture-g4ca444309_1280.png\" \/>\n\t<meta property=\"og:image:width\" content=\"1280\" \/>\n\t<meta property=\"og:image:height\" content=\"1080\" \/>\n\t<meta property=\"og:image:type\" content=\"image\/png\" \/>\n<meta name=\"twitter:card\" content=\"summary_large_image\" \/>\n<meta name=\"twitter:label1\" content=\"Dur\u00e9e de lecture estim\u00e9e\" \/>\n\t<meta name=\"twitter:data1\" content=\"1 minute\" \/>\n<script type=\"application\/ld+json\" class=\"yoast-schema-graph\">{\"@context\":\"https:\\\/\\\/schema.org\",\"@graph\":[{\"@type\":\"WebPage\",\"@id\":\"https:\\\/\\\/atelier-letabli.com\\\/index.php\\\/produit\\\/la-table-a-cafe\\\/\",\"url\":\"https:\\\/\\\/atelier-letabli.com\\\/index.php\\\/produit\\\/la-table-a-cafe\\\/\",\"name\":\"La table \u00e0 caf\u00e9 - L&#039;\u00c9TABLI\",\"isPartOf\":{\"@id\":\"https:\\\/\\\/atelier-letabli.com\\\/#website\"},\"primaryImageOfPage\":{\"@id\":\"https:\\\/\\\/atelier-letabli.com\\\/index.php\\\/produit\\\/la-table-a-cafe\\\/#primaryimage\"},\"image\":{\"@id\":\"https:\\\/\\\/atelier-letabli.com\\\/index.php\\\/produit\\\/la-table-a-cafe\\\/#primaryimage\"},\"thumbnailUrl\":\"https:\\\/\\\/atelier-letabli.com\\\/wp-content\\\/uploads\\\/2022\\\/10\\\/furniture-g4ca444309_1280.png\",\"datePublished\":\"2022-10-25T07:10:36+00:00\",\"dateModified\":\"2024-04-30T09:03:12+00:00\",\"breadcrumb\":{\"@id\":\"https:\\\/\\\/atelier-letabli.com\\\/index.php\\\/produit\\\/la-table-a-cafe\\\/#breadcrumb\"},\"inLanguage\":\"fr-FR\",\"potentialAction\":[{\"@type\":\"ReadAction\",\"target\":[\"https:\\\/\\\/atelier-letabli.com\\\/index.php\\\/produit\\\/la-table-a-cafe\\\/\"]}]},{\"@type\":\"ImageObject\",\"inLanguage\":\"fr-FR\",\"@id\":\"https:\\\/\\\/atelier-letabli.com\\\/index.php\\\/produit\\\/la-table-a-cafe\\\/#primaryimage\",\"url\":\"https:\\\/\\\/atelier-letabli.com\\\/wp-content\\\/uploads\\\/2022\\\/10\\\/furniture-g4ca444309_1280.png\",\"contentUrl\":\"https:\\\/\\\/atelier-letabli.com\\\/wp-content\\\/uploads\\\/2022\\\/10\\\/furniture-g4ca444309_1280.png\",\"width\":1280,\"height\":1080},{\"@type\":\"BreadcrumbList\",\"@id\":\"https:\\\/\\\/atelier-letabli.com\\\/index.php\\\/produit\\\/la-table-a-cafe\\\/#breadcrumb\",\"itemListElement\":[{\"@type\":\"ListItem\",\"position\":1,\"name\":\"Accueil\",\"item\":\"https:\\\/\\\/atelier-letabli.com\\\/\"},{\"@type\":\"ListItem\",\"position\":2,\"name\":\"Boutique\",\"item\":\"https:\\\/\\\/atelier-letabli.com\\\/index.php\\\/boutique\\\/\"},{\"@type\":\"ListItem\",\"position\":3,\"name\":\"La table \u00e0 caf\u00e9\"}]},{\"@type\":\"WebSite\",\"@id\":\"https:\\\/\\\/atelier-letabli.com\\\/#website\",\"url\":\"https:\\\/\\\/atelier-letabli.com\\\/\",\"name\":\"L&#039;\u00c9TABLI\",\"description\":\"\",\"potentialAction\":[{\"@type\":\"SearchAction\",\"target\":{\"@type\":\"EntryPoint\",\"urlTemplate\":\"https:\\\/\\\/atelier-letabli.com\\\/?s={search_term_string}\"},\"query-input\":{\"@type\":\"PropertyValueSpecification\",\"valueRequired\":true,\"valueName\":\"search_term_string\"}}],\"inLanguage\":\"fr-FR\"}]}<\/script>\n<!-- \/ Yoast SEO plugin. -->","yoast_head_json":{"title":"La table \u00e0 caf\u00e9 - L&#039;\u00c9TABLI","robots":{"index":"index","follow":"follow","max-snippet":"max-snippet:-1","max-image-preview":"max-image-preview:large","max-video-preview":"max-video-preview:-1"},"canonical":"https:\/\/atelier-letabli.com\/index.php\/produit\/la-table-a-cafe\/","og_locale":"fr_FR","og_type":"article","og_title":"La table \u00e0 caf\u00e9 - L&#039;\u00c9TABLI","og_description":"Atelier en cours d'\u00e9laboration. Merci de patienter encore un peu ;)","og_url":"https:\/\/atelier-letabli.com\/index.php\/produit\/la-table-a-cafe\/","og_site_name":"L&#039;\u00c9TABLI","article_modified_time":"2024-04-30T09:03:12+00:00","og_image":[{"width":1280,"height":1080,"url":"https:\/\/atelier-letabli.com\/wp-content\/uploads\/2022\/10\/furniture-g4ca444309_1280.png","type":"image\/png"}],"twitter_card":"summary_large_image","twitter_misc":{"Dur\u00e9e de lecture estim\u00e9e":"1 minute"},"schema":{"@context":"https:\/\/schema.org","@graph":[{"@type":"WebPage","@id":"https:\/\/atelier-letabli.com\/index.php\/produit\/la-table-a-cafe\/","url":"https:\/\/atelier-letabli.com\/index.php\/produit\/la-table-a-cafe\/","name":"La table \u00e0 caf\u00e9 - L&#039;\u00c9TABLI","isPartOf":{"@id":"https:\/\/atelier-letabli.com\/#website"},"primaryImageOfPage":{"@id":"https:\/\/atelier-letabli.com\/index.php\/produit\/la-table-a-cafe\/#primaryimage"},"image":{"@id":"https:\/\/atelier-letabli.com\/index.php\/produit\/la-table-a-cafe\/#primaryimage"},"thumbnailUrl":"https:\/\/atelier-letabli.com\/wp-content\/uploads\/2022\/10\/furniture-g4ca444309_1280.png","datePublished":"2022-10-25T07:10:36+00:00","dateModified":"2024-04-30T09:03:12+00:00","breadcrumb":{"@id":"https:\/\/atelier-letabli.com\/index.php\/produit\/la-table-a-cafe\/#breadcrumb"},"inLanguage":"fr-FR","potentialAction":[{"@type":"ReadAction","target":["https:\/\/atelier-letabli.com\/index.php\/produit\/la-table-a-cafe\/"]}]},{"@type":"ImageObject","inLanguage":"fr-FR","@id":"https:\/\/atelier-letabli.com\/index.php\/produit\/la-table-a-cafe\/#primaryimage","url":"https:\/\/atelier-letabli.com\/wp-content\/uploads\/2022\/10\/furniture-g4ca444309_1280.png","contentUrl":"https:\/\/atelier-letabli.com\/wp-content\/uploads\/2022\/10\/furniture-g4ca444309_1280.png","width":1280,"height":1080},{"@type":"BreadcrumbList","@id":"https:\/\/atelier-letabli.com\/index.php\/produit\/la-table-a-cafe\/#breadcrumb","itemListElement":[{"@type":"ListItem","position":1,"name":"Accueil","item":"https:\/\/atelier-letabli.com\/"},{"@type":"ListItem","position":2,"name":"Boutique","item":"https:\/\/atelier-letabli.com\/index.php\/boutique\/"},{"@type":"ListItem","position":3,"name":"La table \u00e0 caf\u00e9"}]},{"@type":"WebSite","@id":"https:\/\/atelier-letabli.com\/#website","url":"https:\/\/atelier-letabli.com\/","name":"L&#039;\u00c9TABLI","description":"","potentialAction":[{"@type":"SearchAction","target":{"@type":"EntryPoint","urlTemplate":"https:\/\/atelier-letabli.com\/?s={search_term_string}"},"query-input":{"@type":"PropertyValueSpecification","valueRequired":true,"valueName":"search_term_string"}}],"inLanguage":"fr-FR"}]}},"_links":{"self":[{"href":"https:\/\/atelier-letabli.com\/index.php\/wp-json\/wp\/v2\/product\/518","targetHints":{"allow":["GET"]}}],"collection":[{"href":"https:\/\/atelier-letabli.com\/index.php\/wp-json\/wp\/v2\/product"}],"about":[{"href":"https:\/\/atelier-letabli.com\/index.php\/wp-json\/wp\/v2\/types\/product"}],"replies":[{"embeddable":true,"href":"https:\/\/atelier-letabli.com\/index.php\/wp-json\/wp\/v2\/comments?post=518"}],"wp:featuredmedia":[{"embeddable":true,"href":"https:\/\/atelier-letabli.com\/index.php\/wp-json\/wp\/v2\/media\/510"}],"wp:attachment":[{"href":"https:\/\/atelier-letabli.com\/index.php\/wp-json\/wp\/v2\/media?parent=518"}],"wp:term":[{"taxonomy":"product_brand","embeddable":true,"href":"https:\/\/atelier-letabli.com\/index.php\/wp-json\/wp\/v2\/product_brand?post=518"},{"taxonomy":"product_cat","embeddable":true,"href":"https:\/\/atelier-letabli.com\/index.php\/wp-json\/wp\/v2\/product_cat?post=518"},{"taxonomy":"product_tag","embeddable":true,"href":"https:\/\/atelier-letabli.com\/index.php\/wp-json\/wp\/v2\/product_tag?post=518"}],"curies":[{"name":"wp","href":"https:\/\/api.w.org\/{rel}","templated":true}]}}