{"id":552,"date":"2022-10-25T12:34:44","date_gmt":"2022-10-25T10:34:44","guid":{"rendered":"https:\/\/atelier-letabli.com\/?post_type=product&#038;p=552"},"modified":"2024-06-08T17:14:33","modified_gmt":"2024-06-08T15:14:33","slug":"planche-de-presentation","status":"publish","type":"product","link":"https:\/\/atelier-letabli.com\/index.php\/produit\/planche-de-presentation\/","title":{"rendered":"Planche de pr\u00e9sentation"},"content":{"rendered":"<p>Planche de pr\u00e9sentation. Rien de tel qu&rsquo;une belle planche pour pr\u00e9senter vos pr\u00e9parations culinaires.<\/p>\n<p>\u00c9l\u00e9gante, raffin\u00e9e et durable.<\/p>\n<p>Pour une durabilit\u00e9 de votre planche, pensez \u00e0 huiler votre planche avec des produits naturels et \u00e0 ne jamais la laver sous l\u2019eau chaude.<\/p>\n","protected":false},"excerpt":{"rendered":"<p>Dimension : environ 600 mm x 450 mm x 25 mm d\u2019\u00e9paisseur<\/p>\n<p>H\u00eatre et noyer finition huile de lin<\/p>\n<p>Toutes les planches pr\u00e9sent\u00e9es sur le site sont uniques. Celle que voyez n\u2019est pas \u00e0 votre go\u00fbt ou ne s\u2019adapte pas \u00e0 vos int\u00e9rieurs ? Il est possible de modifier les dimensions, le design, l\u2019essence, bref de commander votre planche sur mesure selon vos crit\u00e8res ! N&rsquo;h\u00e9sitez pas \u00e0 nous faire part de votre projet !<\/p>\n","protected":false},"featured_media":1130,"comment_status":"open","ping_status":"closed","template":"","meta":{"_et_pb_use_builder":"","_et_pb_old_content":"","_et_gb_content_width":""},"product_brand":[],"product_cat":[24],"product_tag":[26],"class_list":{"0":"post-552","1":"product","2":"type-product","3":"status-publish","4":"has-post-thumbnail","6":"product_cat-planche-a-decouper","7":"product_tag-planche-a-decouper","8":"product_shipping_class-tailles-moyennes","10":"first","11":"instock","12":"taxable","13":"shipping-taxable","14":"purchasable","15":"product-type-simple"},"yoast_head":"<!-- This site is optimized with the Yoast SEO plugin v27.3 - https:\/\/yoast.com\/product\/yoast-seo-wordpress\/ -->\n<title>Planche de pr\u00e9sentation - L&#039;\u00c9TABLI<\/title>\n<meta name=\"robots\" content=\"index, follow, max-snippet:-1, max-image-preview:large, max-video-preview:-1\" \/>\n<link rel=\"canonical\" href=\"https:\/\/atelier-letabli.com\/index.php\/produit\/planche-de-presentation\/\" \/>\n<meta property=\"og:locale\" content=\"fr_FR\" \/>\n<meta property=\"og:type\" content=\"article\" \/>\n<meta property=\"og:title\" content=\"Planche de pr\u00e9sentation - L&#039;\u00c9TABLI\" \/>\n<meta property=\"og:description\" content=\"Dimension : environ 600 mm x 450 mm x 25 mm d\u2019\u00e9paisseur  H\u00eatre et noyer finition huile de lin  Toutes les planches pr\u00e9sent\u00e9es sur le site sont uniques. Celle que voyez n\u2019est pas \u00e0 votre go\u00fbt ou ne s\u2019adapte pas \u00e0 vos int\u00e9rieurs ? Il est possible de modifier les dimensions, le design, l\u2019essence, bref de commander votre planche sur mesure selon vos crit\u00e8res ! N&#039;h\u00e9sitez pas \u00e0 nous faire part de votre projet !\" \/>\n<meta property=\"og:url\" content=\"https:\/\/atelier-letabli.com\/index.php\/produit\/planche-de-presentation\/\" \/>\n<meta property=\"og:site_name\" content=\"L&#039;\u00c9TABLI\" \/>\n<meta property=\"article:modified_time\" content=\"2024-06-08T15:14:33+00:00\" \/>\n<meta property=\"og:image\" content=\"https:\/\/atelier-letabli.com\/wp-content\/uploads\/2024\/06\/PAD0010.jpg\" \/>\n\t<meta property=\"og:image:width\" content=\"2000\" \/>\n\t<meta property=\"og:image:height\" content=\"1124\" \/>\n\t<meta property=\"og:image:type\" content=\"image\/jpeg\" \/>\n<meta name=\"twitter:card\" content=\"summary_large_image\" \/>\n<meta name=\"twitter:label1\" content=\"Dur\u00e9e de lecture estim\u00e9e\" \/>\n\t<meta name=\"twitter:data1\" content=\"1 minute\" \/>\n<script type=\"application\/ld+json\" class=\"yoast-schema-graph\">{\"@context\":\"https:\\\/\\\/schema.org\",\"@graph\":[{\"@type\":\"WebPage\",\"@id\":\"https:\\\/\\\/atelier-letabli.com\\\/index.php\\\/produit\\\/planche-de-presentation\\\/\",\"url\":\"https:\\\/\\\/atelier-letabli.com\\\/index.php\\\/produit\\\/planche-de-presentation\\\/\",\"name\":\"Planche de pr\u00e9sentation - L&#039;\u00c9TABLI\",\"isPartOf\":{\"@id\":\"https:\\\/\\\/atelier-letabli.com\\\/#website\"},\"primaryImageOfPage\":{\"@id\":\"https:\\\/\\\/atelier-letabli.com\\\/index.php\\\/produit\\\/planche-de-presentation\\\/#primaryimage\"},\"image\":{\"@id\":\"https:\\\/\\\/atelier-letabli.com\\\/index.php\\\/produit\\\/planche-de-presentation\\\/#primaryimage\"},\"thumbnailUrl\":\"https:\\\/\\\/atelier-letabli.com\\\/wp-content\\\/uploads\\\/2024\\\/06\\\/PAD0010.jpg\",\"datePublished\":\"2022-10-25T10:34:44+00:00\",\"dateModified\":\"2024-06-08T15:14:33+00:00\",\"breadcrumb\":{\"@id\":\"https:\\\/\\\/atelier-letabli.com\\\/index.php\\\/produit\\\/planche-de-presentation\\\/#breadcrumb\"},\"inLanguage\":\"fr-FR\",\"potentialAction\":[{\"@type\":\"ReadAction\",\"target\":[\"https:\\\/\\\/atelier-letabli.com\\\/index.php\\\/produit\\\/planche-de-presentation\\\/\"]}]},{\"@type\":\"ImageObject\",\"inLanguage\":\"fr-FR\",\"@id\":\"https:\\\/\\\/atelier-letabli.com\\\/index.php\\\/produit\\\/planche-de-presentation\\\/#primaryimage\",\"url\":\"https:\\\/\\\/atelier-letabli.com\\\/wp-content\\\/uploads\\\/2024\\\/06\\\/PAD0010.jpg\",\"contentUrl\":\"https:\\\/\\\/atelier-letabli.com\\\/wp-content\\\/uploads\\\/2024\\\/06\\\/PAD0010.jpg\",\"width\":2000,\"height\":1124,\"caption\":\"Planche \u00e0 d\u00e9couper grande taille\"},{\"@type\":\"BreadcrumbList\",\"@id\":\"https:\\\/\\\/atelier-letabli.com\\\/index.php\\\/produit\\\/planche-de-presentation\\\/#breadcrumb\",\"itemListElement\":[{\"@type\":\"ListItem\",\"position\":1,\"name\":\"Accueil\",\"item\":\"https:\\\/\\\/atelier-letabli.com\\\/\"},{\"@type\":\"ListItem\",\"position\":2,\"name\":\"Boutique\",\"item\":\"https:\\\/\\\/atelier-letabli.com\\\/index.php\\\/boutique\\\/\"},{\"@type\":\"ListItem\",\"position\":3,\"name\":\"Planche de pr\u00e9sentation\"}]},{\"@type\":\"WebSite\",\"@id\":\"https:\\\/\\\/atelier-letabli.com\\\/#website\",\"url\":\"https:\\\/\\\/atelier-letabli.com\\\/\",\"name\":\"L&#039;\u00c9TABLI\",\"description\":\"\",\"potentialAction\":[{\"@type\":\"SearchAction\",\"target\":{\"@type\":\"EntryPoint\",\"urlTemplate\":\"https:\\\/\\\/atelier-letabli.com\\\/?s={search_term_string}\"},\"query-input\":{\"@type\":\"PropertyValueSpecification\",\"valueRequired\":true,\"valueName\":\"search_term_string\"}}],\"inLanguage\":\"fr-FR\"}]}<\/script>\n<!-- \/ Yoast SEO plugin. -->","yoast_head_json":{"title":"Planche de pr\u00e9sentation - L&#039;\u00c9TABLI","robots":{"index":"index","follow":"follow","max-snippet":"max-snippet:-1","max-image-preview":"max-image-preview:large","max-video-preview":"max-video-preview:-1"},"canonical":"https:\/\/atelier-letabli.com\/index.php\/produit\/planche-de-presentation\/","og_locale":"fr_FR","og_type":"article","og_title":"Planche de pr\u00e9sentation - L&#039;\u00c9TABLI","og_description":"Dimension : environ 600 mm x 450 mm x 25 mm d\u2019\u00e9paisseur  H\u00eatre et noyer finition huile de lin  Toutes les planches pr\u00e9sent\u00e9es sur le site sont uniques. Celle que voyez n\u2019est pas \u00e0 votre go\u00fbt ou ne s\u2019adapte pas \u00e0 vos int\u00e9rieurs ? Il est possible de modifier les dimensions, le design, l\u2019essence, bref de commander votre planche sur mesure selon vos crit\u00e8res ! N'h\u00e9sitez pas \u00e0 nous faire part de votre projet !","og_url":"https:\/\/atelier-letabli.com\/index.php\/produit\/planche-de-presentation\/","og_site_name":"L&#039;\u00c9TABLI","article_modified_time":"2024-06-08T15:14:33+00:00","og_image":[{"width":2000,"height":1124,"url":"https:\/\/atelier-letabli.com\/wp-content\/uploads\/2024\/06\/PAD0010.jpg","type":"image\/jpeg"}],"twitter_card":"summary_large_image","twitter_misc":{"Dur\u00e9e de lecture estim\u00e9e":"1 minute"},"schema":{"@context":"https:\/\/schema.org","@graph":[{"@type":"WebPage","@id":"https:\/\/atelier-letabli.com\/index.php\/produit\/planche-de-presentation\/","url":"https:\/\/atelier-letabli.com\/index.php\/produit\/planche-de-presentation\/","name":"Planche de pr\u00e9sentation - L&#039;\u00c9TABLI","isPartOf":{"@id":"https:\/\/atelier-letabli.com\/#website"},"primaryImageOfPage":{"@id":"https:\/\/atelier-letabli.com\/index.php\/produit\/planche-de-presentation\/#primaryimage"},"image":{"@id":"https:\/\/atelier-letabli.com\/index.php\/produit\/planche-de-presentation\/#primaryimage"},"thumbnailUrl":"https:\/\/atelier-letabli.com\/wp-content\/uploads\/2024\/06\/PAD0010.jpg","datePublished":"2022-10-25T10:34:44+00:00","dateModified":"2024-06-08T15:14:33+00:00","breadcrumb":{"@id":"https:\/\/atelier-letabli.com\/index.php\/produit\/planche-de-presentation\/#breadcrumb"},"inLanguage":"fr-FR","potentialAction":[{"@type":"ReadAction","target":["https:\/\/atelier-letabli.com\/index.php\/produit\/planche-de-presentation\/"]}]},{"@type":"ImageObject","inLanguage":"fr-FR","@id":"https:\/\/atelier-letabli.com\/index.php\/produit\/planche-de-presentation\/#primaryimage","url":"https:\/\/atelier-letabli.com\/wp-content\/uploads\/2024\/06\/PAD0010.jpg","contentUrl":"https:\/\/atelier-letabli.com\/wp-content\/uploads\/2024\/06\/PAD0010.jpg","width":2000,"height":1124,"caption":"Planche \u00e0 d\u00e9couper grande taille"},{"@type":"BreadcrumbList","@id":"https:\/\/atelier-letabli.com\/index.php\/produit\/planche-de-presentation\/#breadcrumb","itemListElement":[{"@type":"ListItem","position":1,"name":"Accueil","item":"https:\/\/atelier-letabli.com\/"},{"@type":"ListItem","position":2,"name":"Boutique","item":"https:\/\/atelier-letabli.com\/index.php\/boutique\/"},{"@type":"ListItem","position":3,"name":"Planche de pr\u00e9sentation"}]},{"@type":"WebSite","@id":"https:\/\/atelier-letabli.com\/#website","url":"https:\/\/atelier-letabli.com\/","name":"L&#039;\u00c9TABLI","description":"","potentialAction":[{"@type":"SearchAction","target":{"@type":"EntryPoint","urlTemplate":"https:\/\/atelier-letabli.com\/?s={search_term_string}"},"query-input":{"@type":"PropertyValueSpecification","valueRequired":true,"valueName":"search_term_string"}}],"inLanguage":"fr-FR"}]}},"_links":{"self":[{"href":"https:\/\/atelier-letabli.com\/index.php\/wp-json\/wp\/v2\/product\/552","targetHints":{"allow":["GET"]}}],"collection":[{"href":"https:\/\/atelier-letabli.com\/index.php\/wp-json\/wp\/v2\/product"}],"about":[{"href":"https:\/\/atelier-letabli.com\/index.php\/wp-json\/wp\/v2\/types\/product"}],"replies":[{"embeddable":true,"href":"https:\/\/atelier-letabli.com\/index.php\/wp-json\/wp\/v2\/comments?post=552"}],"wp:featuredmedia":[{"embeddable":true,"href":"https:\/\/atelier-letabli.com\/index.php\/wp-json\/wp\/v2\/media\/1130"}],"wp:attachment":[{"href":"https:\/\/atelier-letabli.com\/index.php\/wp-json\/wp\/v2\/media?parent=552"}],"wp:term":[{"taxonomy":"product_brand","embeddable":true,"href":"https:\/\/atelier-letabli.com\/index.php\/wp-json\/wp\/v2\/product_brand?post=552"},{"taxonomy":"product_cat","embeddable":true,"href":"https:\/\/atelier-letabli.com\/index.php\/wp-json\/wp\/v2\/product_cat?post=552"},{"taxonomy":"product_tag","embeddable":true,"href":"https:\/\/atelier-letabli.com\/index.php\/wp-json\/wp\/v2\/product_tag?post=552"}],"curies":[{"name":"wp","href":"https:\/\/api.w.org\/{rel}","templated":true}]}}