{"id":875,"date":"2024-04-26T16:09:52","date_gmt":"2024-04-26T14:09:52","guid":{"rendered":"https:\/\/atelier-letabli.com\/?post_type=product&#038;p=875"},"modified":"2024-06-10T10:45:52","modified_gmt":"2024-06-10T08:45:52","slug":"table-basse-altair","status":"publish","type":"product","link":"https:\/\/atelier-letabli.com\/index.php\/produit\/table-basse-altair\/","title":{"rendered":"Alta\u00efr"},"content":{"rendered":"<p>Dimension plateau : 1220 x 570 x 90mm<br \/>\nHauteur de la table : 540mm<br \/>\nFinition : Cire blanchie<\/p>\n<p style=\"text-align: justify;\">Son plateau en bois massif est pass\u00e9 \u00e0 la cire blanchi et facile \u00e0 entretenir. La cire blanchie permet de r\u00e9v\u00e9ler le veinage du ch\u00eane et de le sublimer d&rsquo;une autre fa\u00e7on en faisant apparaitre des teintes violettes.<\/p>\n<p style=\"text-align: justify;\">Toutes les tables pr\u00e9sent\u00e9es sur notre site sont des pi\u00e8ces uniques. Si vous souhaitez une table parfaitement adapt\u00e9e \u00e0 vos go\u00fbts ou \u00e0 votre int\u00e9rieur, nous vous offrons la possibilit\u00e9 de la personnaliser enti\u00e8rement. Dimensions, pieds, essence de bois, finition : tout peut \u00eatre adapt\u00e9 pour cr\u00e9er la table sur mesure qui r\u00e9pondra \u00e0 vos crit\u00e8res. N&rsquo;h\u00e9sitez pas \u00e0 partager votre <a href=\"https:\/\/atelier-letabli.com\/index.php\/113-2\/\">projet<\/a> avec nous !<\/p>\n","protected":false},"excerpt":{"rendered":"<p style=\"text-align: justify;\">Alta\u00efr : \u00ab\u00a0l&rsquo;aigle en vol\u00a0\u00bb en arabe. L&rsquo;\u00e9toile la plus brillante de la constellation de l&rsquo;Aigle.<\/p>\n<p style=\"text-align: justify;\">Cette table basse est con\u00e7ue en ch\u00eane massif de forte \u00e9paisseur (90mm) avec un pied en acier laqu\u00e9 noir en \u00e9toile. La combinaison du bois et du m\u00e9tal donne \u00e0 cette table basse une apparence unique.<\/p>\n<p style=\"text-align: justify;\">Sa finition \u00e0 la cire blanchie r\u00e9v\u00e8le le bois autrement et le magnifie.<\/p>\n<p style=\"text-align: justify;\">Le plateau pr\u00e9sente une teinte naturelle et des courbes irr\u00e9guli\u00e8res qui lui sont propre. \u00c9l\u00e9gante et \u00e9tonnante, elle apportera chaleur et authenticit\u00e9 dans votre salon !<\/p>\n<p style=\"text-align: justify;\">Associ\u00e9 \u00e0 son pied en acier, cette table basse vous offre un design r\u00e9solument tendance et moderne qui s\u2019adapte \u00e0 tous les int\u00e9rieurs.<\/p>\n<p style=\"text-align: justify;\">Succombez au charme de cette table de salon de qualit\u00e9 et de fabrication artisanale.<\/p>\n<p style=\"text-align: justify;\">Ce meuble est destin\u00e9 \u00e0 usage int\u00e9rieur. Table livr\u00e9e mont\u00e9e.<\/p>\n","protected":false},"featured_media":1144,"comment_status":"closed","ping_status":"closed","template":"","meta":{"_et_pb_use_builder":"","_et_pb_old_content":"","_et_gb_content_width":""},"product_brand":[],"product_cat":[58],"product_tag":[],"class_list":{"0":"post-875","1":"product","2":"type-product","3":"status-publish","4":"has-post-thumbnail","6":"product_cat-table-basse","8":"first","9":"instock","10":"taxable","11":"shipping-taxable","12":"purchasable","13":"product-type-simple"},"yoast_head":"<!-- This site is optimized with the Yoast SEO plugin v27.3 - https:\/\/yoast.com\/product\/yoast-seo-wordpress\/ -->\n<title>Alta\u00efr - L&#039;\u00c9TABLI<\/title>\n<meta name=\"robots\" content=\"index, follow, max-snippet:-1, max-image-preview:large, max-video-preview:-1\" \/>\n<link rel=\"canonical\" href=\"https:\/\/atelier-letabli.com\/index.php\/produit\/table-basse-altair\/\" \/>\n<meta property=\"og:locale\" content=\"fr_FR\" \/>\n<meta property=\"og:type\" content=\"article\" \/>\n<meta property=\"og:title\" content=\"Alta\u00efr - L&#039;\u00c9TABLI\" \/>\n<meta property=\"og:description\" content=\"Alta\u00efr : &quot;l&#039;aigle en vol&quot; en arabe. L&#039;\u00e9toile la plus brillante de la constellation de l&#039;Aigle. Cette table basse est con\u00e7ue en ch\u00eane massif de forte \u00e9paisseur (90mm) avec un pied en acier laqu\u00e9 noir en \u00e9toile. La combinaison du bois et du m\u00e9tal donne \u00e0 cette table basse une apparence unique. Sa finition \u00e0 la cire blanchie r\u00e9v\u00e8le le bois autrement et le magnifie. Le plateau pr\u00e9sente une teinte naturelle et des courbes irr\u00e9guli\u00e8res qui lui sont propre. \u00c9l\u00e9gante et \u00e9tonnante, elle apportera chaleur et authenticit\u00e9 dans votre salon ! Associ\u00e9 \u00e0 son pied en acier, cette table basse vous offre un design r\u00e9solument tendance et moderne qui s\u2019adapte \u00e0 tous les int\u00e9rieurs. Succombez au charme de cette table de salon de qualit\u00e9 et de fabrication artisanale. Ce meuble est destin\u00e9 \u00e0 usage int\u00e9rieur. Table livr\u00e9e mont\u00e9e.\" \/>\n<meta property=\"og:url\" content=\"https:\/\/atelier-letabli.com\/index.php\/produit\/table-basse-altair\/\" \/>\n<meta property=\"og:site_name\" content=\"L&#039;\u00c9TABLI\" \/>\n<meta property=\"article:modified_time\" content=\"2024-06-10T08:45:52+00:00\" \/>\n<meta property=\"og:image\" content=\"https:\/\/atelier-letabli.com\/wp-content\/uploads\/2024\/06\/Table0003.jpg\" \/>\n\t<meta property=\"og:image:width\" content=\"2000\" \/>\n\t<meta property=\"og:image:height\" content=\"1124\" \/>\n\t<meta property=\"og:image:type\" content=\"image\/jpeg\" \/>\n<meta name=\"twitter:card\" content=\"summary_large_image\" \/>\n<meta name=\"twitter:label1\" content=\"Dur\u00e9e de lecture estim\u00e9e\" \/>\n\t<meta name=\"twitter:data1\" content=\"1 minute\" \/>\n<script type=\"application\/ld+json\" class=\"yoast-schema-graph\">{\"@context\":\"https:\\\/\\\/schema.org\",\"@graph\":[{\"@type\":\"WebPage\",\"@id\":\"https:\\\/\\\/atelier-letabli.com\\\/index.php\\\/produit\\\/table-basse-altair\\\/\",\"url\":\"https:\\\/\\\/atelier-letabli.com\\\/index.php\\\/produit\\\/table-basse-altair\\\/\",\"name\":\"Alta\u00efr - L&#039;\u00c9TABLI\",\"isPartOf\":{\"@id\":\"https:\\\/\\\/atelier-letabli.com\\\/#website\"},\"primaryImageOfPage\":{\"@id\":\"https:\\\/\\\/atelier-letabli.com\\\/index.php\\\/produit\\\/table-basse-altair\\\/#primaryimage\"},\"image\":{\"@id\":\"https:\\\/\\\/atelier-letabli.com\\\/index.php\\\/produit\\\/table-basse-altair\\\/#primaryimage\"},\"thumbnailUrl\":\"https:\\\/\\\/atelier-letabli.com\\\/wp-content\\\/uploads\\\/2024\\\/06\\\/Table0003.jpg\",\"datePublished\":\"2024-04-26T14:09:52+00:00\",\"dateModified\":\"2024-06-10T08:45:52+00:00\",\"breadcrumb\":{\"@id\":\"https:\\\/\\\/atelier-letabli.com\\\/index.php\\\/produit\\\/table-basse-altair\\\/#breadcrumb\"},\"inLanguage\":\"fr-FR\",\"potentialAction\":[{\"@type\":\"ReadAction\",\"target\":[\"https:\\\/\\\/atelier-letabli.com\\\/index.php\\\/produit\\\/table-basse-altair\\\/\"]}]},{\"@type\":\"ImageObject\",\"inLanguage\":\"fr-FR\",\"@id\":\"https:\\\/\\\/atelier-letabli.com\\\/index.php\\\/produit\\\/table-basse-altair\\\/#primaryimage\",\"url\":\"https:\\\/\\\/atelier-letabli.com\\\/wp-content\\\/uploads\\\/2024\\\/06\\\/Table0003.jpg\",\"contentUrl\":\"https:\\\/\\\/atelier-letabli.com\\\/wp-content\\\/uploads\\\/2024\\\/06\\\/Table0003.jpg\",\"width\":2000,\"height\":1124,\"caption\":\"Table basse ch\u00eane m\u00e9tal\"},{\"@type\":\"BreadcrumbList\",\"@id\":\"https:\\\/\\\/atelier-letabli.com\\\/index.php\\\/produit\\\/table-basse-altair\\\/#breadcrumb\",\"itemListElement\":[{\"@type\":\"ListItem\",\"position\":1,\"name\":\"Accueil\",\"item\":\"https:\\\/\\\/atelier-letabli.com\\\/\"},{\"@type\":\"ListItem\",\"position\":2,\"name\":\"Boutique\",\"item\":\"https:\\\/\\\/atelier-letabli.com\\\/index.php\\\/boutique\\\/\"},{\"@type\":\"ListItem\",\"position\":3,\"name\":\"Alta\u00efr\"}]},{\"@type\":\"WebSite\",\"@id\":\"https:\\\/\\\/atelier-letabli.com\\\/#website\",\"url\":\"https:\\\/\\\/atelier-letabli.com\\\/\",\"name\":\"L&#039;\u00c9TABLI\",\"description\":\"\",\"potentialAction\":[{\"@type\":\"SearchAction\",\"target\":{\"@type\":\"EntryPoint\",\"urlTemplate\":\"https:\\\/\\\/atelier-letabli.com\\\/?s={search_term_string}\"},\"query-input\":{\"@type\":\"PropertyValueSpecification\",\"valueRequired\":true,\"valueName\":\"search_term_string\"}}],\"inLanguage\":\"fr-FR\"}]}<\/script>\n<!-- \/ Yoast SEO plugin. -->","yoast_head_json":{"title":"Alta\u00efr - L&#039;\u00c9TABLI","robots":{"index":"index","follow":"follow","max-snippet":"max-snippet:-1","max-image-preview":"max-image-preview:large","max-video-preview":"max-video-preview:-1"},"canonical":"https:\/\/atelier-letabli.com\/index.php\/produit\/table-basse-altair\/","og_locale":"fr_FR","og_type":"article","og_title":"Alta\u00efr - L&#039;\u00c9TABLI","og_description":"Alta\u00efr : \"l'aigle en vol\" en arabe. L'\u00e9toile la plus brillante de la constellation de l'Aigle. Cette table basse est con\u00e7ue en ch\u00eane massif de forte \u00e9paisseur (90mm) avec un pied en acier laqu\u00e9 noir en \u00e9toile. La combinaison du bois et du m\u00e9tal donne \u00e0 cette table basse une apparence unique. Sa finition \u00e0 la cire blanchie r\u00e9v\u00e8le le bois autrement et le magnifie. Le plateau pr\u00e9sente une teinte naturelle et des courbes irr\u00e9guli\u00e8res qui lui sont propre. \u00c9l\u00e9gante et \u00e9tonnante, elle apportera chaleur et authenticit\u00e9 dans votre salon ! Associ\u00e9 \u00e0 son pied en acier, cette table basse vous offre un design r\u00e9solument tendance et moderne qui s\u2019adapte \u00e0 tous les int\u00e9rieurs. Succombez au charme de cette table de salon de qualit\u00e9 et de fabrication artisanale. Ce meuble est destin\u00e9 \u00e0 usage int\u00e9rieur. Table livr\u00e9e mont\u00e9e.","og_url":"https:\/\/atelier-letabli.com\/index.php\/produit\/table-basse-altair\/","og_site_name":"L&#039;\u00c9TABLI","article_modified_time":"2024-06-10T08:45:52+00:00","og_image":[{"width":2000,"height":1124,"url":"https:\/\/atelier-letabli.com\/wp-content\/uploads\/2024\/06\/Table0003.jpg","type":"image\/jpeg"}],"twitter_card":"summary_large_image","twitter_misc":{"Dur\u00e9e de lecture estim\u00e9e":"1 minute"},"schema":{"@context":"https:\/\/schema.org","@graph":[{"@type":"WebPage","@id":"https:\/\/atelier-letabli.com\/index.php\/produit\/table-basse-altair\/","url":"https:\/\/atelier-letabli.com\/index.php\/produit\/table-basse-altair\/","name":"Alta\u00efr - L&#039;\u00c9TABLI","isPartOf":{"@id":"https:\/\/atelier-letabli.com\/#website"},"primaryImageOfPage":{"@id":"https:\/\/atelier-letabli.com\/index.php\/produit\/table-basse-altair\/#primaryimage"},"image":{"@id":"https:\/\/atelier-letabli.com\/index.php\/produit\/table-basse-altair\/#primaryimage"},"thumbnailUrl":"https:\/\/atelier-letabli.com\/wp-content\/uploads\/2024\/06\/Table0003.jpg","datePublished":"2024-04-26T14:09:52+00:00","dateModified":"2024-06-10T08:45:52+00:00","breadcrumb":{"@id":"https:\/\/atelier-letabli.com\/index.php\/produit\/table-basse-altair\/#breadcrumb"},"inLanguage":"fr-FR","potentialAction":[{"@type":"ReadAction","target":["https:\/\/atelier-letabli.com\/index.php\/produit\/table-basse-altair\/"]}]},{"@type":"ImageObject","inLanguage":"fr-FR","@id":"https:\/\/atelier-letabli.com\/index.php\/produit\/table-basse-altair\/#primaryimage","url":"https:\/\/atelier-letabli.com\/wp-content\/uploads\/2024\/06\/Table0003.jpg","contentUrl":"https:\/\/atelier-letabli.com\/wp-content\/uploads\/2024\/06\/Table0003.jpg","width":2000,"height":1124,"caption":"Table basse ch\u00eane m\u00e9tal"},{"@type":"BreadcrumbList","@id":"https:\/\/atelier-letabli.com\/index.php\/produit\/table-basse-altair\/#breadcrumb","itemListElement":[{"@type":"ListItem","position":1,"name":"Accueil","item":"https:\/\/atelier-letabli.com\/"},{"@type":"ListItem","position":2,"name":"Boutique","item":"https:\/\/atelier-letabli.com\/index.php\/boutique\/"},{"@type":"ListItem","position":3,"name":"Alta\u00efr"}]},{"@type":"WebSite","@id":"https:\/\/atelier-letabli.com\/#website","url":"https:\/\/atelier-letabli.com\/","name":"L&#039;\u00c9TABLI","description":"","potentialAction":[{"@type":"SearchAction","target":{"@type":"EntryPoint","urlTemplate":"https:\/\/atelier-letabli.com\/?s={search_term_string}"},"query-input":{"@type":"PropertyValueSpecification","valueRequired":true,"valueName":"search_term_string"}}],"inLanguage":"fr-FR"}]}},"_links":{"self":[{"href":"https:\/\/atelier-letabli.com\/index.php\/wp-json\/wp\/v2\/product\/875","targetHints":{"allow":["GET"]}}],"collection":[{"href":"https:\/\/atelier-letabli.com\/index.php\/wp-json\/wp\/v2\/product"}],"about":[{"href":"https:\/\/atelier-letabli.com\/index.php\/wp-json\/wp\/v2\/types\/product"}],"replies":[{"embeddable":true,"href":"https:\/\/atelier-letabli.com\/index.php\/wp-json\/wp\/v2\/comments?post=875"}],"wp:featuredmedia":[{"embeddable":true,"href":"https:\/\/atelier-letabli.com\/index.php\/wp-json\/wp\/v2\/media\/1144"}],"wp:attachment":[{"href":"https:\/\/atelier-letabli.com\/index.php\/wp-json\/wp\/v2\/media?parent=875"}],"wp:term":[{"taxonomy":"product_brand","embeddable":true,"href":"https:\/\/atelier-letabli.com\/index.php\/wp-json\/wp\/v2\/product_brand?post=875"},{"taxonomy":"product_cat","embeddable":true,"href":"https:\/\/atelier-letabli.com\/index.php\/wp-json\/wp\/v2\/product_cat?post=875"},{"taxonomy":"product_tag","embeddable":true,"href":"https:\/\/atelier-letabli.com\/index.php\/wp-json\/wp\/v2\/product_tag?post=875"}],"curies":[{"name":"wp","href":"https:\/\/api.w.org\/{rel}","templated":true}]}}