{"id":884,"date":"2024-04-26T16:43:45","date_gmt":"2024-04-26T14:43:45","guid":{"rendered":"https:\/\/atelier-letabli.com\/?post_type=product&#038;p=884"},"modified":"2024-06-10T10:43:57","modified_gmt":"2024-06-10T08:43:57","slug":"deneb","status":"publish","type":"product","link":"https:\/\/atelier-letabli.com\/index.php\/produit\/deneb\/","title":{"rendered":"Deneb"},"content":{"rendered":"<p>Dimension plateau : 1260 x 450 x 45 mm<br \/>\nHauteur de la table : 445 mm<br \/>\nFinition : Huile de lin<\/p>\n<p>Son plateau en bois massif est teint\u00e9 \u00e0 l\u2019huile de lin et facile \u00e0 entretenir. L\u2019huile de lin p\u00e9n\u00e8tre en profondeur dans le bois et permet \u00e0 celui-ci de r\u00e9sister \u00e0 l\u2019usure. Elle a \u00e9galement un effet antisalissure et agit comme un traitement pour retarder ou m\u00eame emp\u00eacher la venue de petits insectes.<br \/>\nToutes les tables pr\u00e9sent\u00e9es sur notre site sont des pi\u00e8ces uniques. Si vous souhaitez une table parfaitement adapt\u00e9e \u00e0 vos go\u00fbts ou \u00e0 votre int\u00e9rieur, nous vous offrons la possibilit\u00e9 de la personnaliser enti\u00e8rement. Dimensions, pieds, essence de bois, finition : tout peut \u00eatre adapt\u00e9 pour cr\u00e9er la table sur mesure qui r\u00e9pondra \u00e0 vos crit\u00e8res. N&rsquo;h\u00e9sitez pas \u00e0 partager votre <a href=\"https:\/\/atelier-letabli.com\/index.php\/113-2\/\">projet<\/a> avec nous !<\/p>\n","protected":false},"excerpt":{"rendered":"<p>Deneb : \u00ab\u00a0Queue\u00a0\u00bb. \u00c9toile superg\u00e9ante blanche de la constellation du Cygne.<\/p>\n<p>Cette table basse est con\u00e7ue en bois de fr\u00eane massif encadr\u00e9 par du ch\u00eane de forte \u00e9paisseur avec des pieds en \u00e9pingle en acier laqu\u00e9 noir. La combinaison du bois et du m\u00e9tal donne \u00e0 cette table basse une apparence unique de l\u00e9g\u00e8ret\u00e9.<br \/>\n\u00c9l\u00e9gante et \u00e9tonnante, elle apportera chaleur et authenticit\u00e9 dans votre salon !<\/p>\n<p>Succombez au charme de cette table de salon de qualit\u00e9 et de fabrication artisanale.<br \/>\nCe meuble est destin\u00e9 \u00e0 usage int\u00e9rieur. Table livr\u00e9e mont\u00e9e.<\/p>\n","protected":false},"featured_media":1049,"comment_status":"closed","ping_status":"closed","template":"","meta":{"_et_pb_use_builder":"","_et_pb_old_content":"","_et_gb_content_width":""},"product_brand":[],"product_cat":[58],"product_tag":[],"class_list":{"0":"post-884","1":"product","2":"type-product","3":"status-publish","4":"has-post-thumbnail","6":"product_cat-table-basse","8":"first","9":"instock","10":"taxable","11":"shipping-taxable","12":"purchasable","13":"product-type-simple"},"yoast_head":"<!-- This site is optimized with the Yoast SEO plugin v27.3 - https:\/\/yoast.com\/product\/yoast-seo-wordpress\/ -->\n<title>Deneb - L&#039;\u00c9TABLI<\/title>\n<meta name=\"robots\" content=\"index, follow, max-snippet:-1, max-image-preview:large, max-video-preview:-1\" \/>\n<link rel=\"canonical\" href=\"https:\/\/atelier-letabli.com\/index.php\/produit\/deneb\/\" \/>\n<meta property=\"og:locale\" content=\"fr_FR\" \/>\n<meta property=\"og:type\" content=\"article\" \/>\n<meta property=\"og:title\" content=\"Deneb - L&#039;\u00c9TABLI\" \/>\n<meta property=\"og:description\" content=\"Deneb : &quot;Queue&quot;. \u00c9toile superg\u00e9ante blanche de la constellation du Cygne.  Cette table basse est con\u00e7ue en bois de fr\u00eane massif encadr\u00e9 par du ch\u00eane de forte \u00e9paisseur avec des pieds en \u00e9pingle en acier laqu\u00e9 noir. La combinaison du bois et du m\u00e9tal donne \u00e0 cette table basse une apparence unique de l\u00e9g\u00e8ret\u00e9. \u00c9l\u00e9gante et \u00e9tonnante, elle apportera chaleur et authenticit\u00e9 dans votre salon !  Succombez au charme de cette table de salon de qualit\u00e9 et de fabrication artisanale. Ce meuble est destin\u00e9 \u00e0 usage int\u00e9rieur. Table livr\u00e9e mont\u00e9e.\" \/>\n<meta property=\"og:url\" content=\"https:\/\/atelier-letabli.com\/index.php\/produit\/deneb\/\" \/>\n<meta property=\"og:site_name\" content=\"L&#039;\u00c9TABLI\" \/>\n<meta property=\"article:modified_time\" content=\"2024-06-10T08:43:57+00:00\" \/>\n<meta property=\"og:image\" content=\"https:\/\/atelier-letabli.com\/wp-content\/uploads\/2024\/05\/table-basse-chene-frene0002.jpg\" \/>\n\t<meta property=\"og:image:width\" content=\"2000\" \/>\n\t<meta property=\"og:image:height\" content=\"1124\" \/>\n\t<meta property=\"og:image:type\" content=\"image\/jpeg\" \/>\n<meta name=\"twitter:card\" content=\"summary_large_image\" \/>\n<meta name=\"twitter:label1\" content=\"Dur\u00e9e de lecture estim\u00e9e\" \/>\n\t<meta name=\"twitter:data1\" content=\"1 minute\" \/>\n<script type=\"application\/ld+json\" class=\"yoast-schema-graph\">{\"@context\":\"https:\\\/\\\/schema.org\",\"@graph\":[{\"@type\":\"WebPage\",\"@id\":\"https:\\\/\\\/atelier-letabli.com\\\/index.php\\\/produit\\\/deneb\\\/\",\"url\":\"https:\\\/\\\/atelier-letabli.com\\\/index.php\\\/produit\\\/deneb\\\/\",\"name\":\"Deneb - L&#039;\u00c9TABLI\",\"isPartOf\":{\"@id\":\"https:\\\/\\\/atelier-letabli.com\\\/#website\"},\"primaryImageOfPage\":{\"@id\":\"https:\\\/\\\/atelier-letabli.com\\\/index.php\\\/produit\\\/deneb\\\/#primaryimage\"},\"image\":{\"@id\":\"https:\\\/\\\/atelier-letabli.com\\\/index.php\\\/produit\\\/deneb\\\/#primaryimage\"},\"thumbnailUrl\":\"https:\\\/\\\/atelier-letabli.com\\\/wp-content\\\/uploads\\\/2024\\\/05\\\/table-basse-chene-frene0002.jpg\",\"datePublished\":\"2024-04-26T14:43:45+00:00\",\"dateModified\":\"2024-06-10T08:43:57+00:00\",\"breadcrumb\":{\"@id\":\"https:\\\/\\\/atelier-letabli.com\\\/index.php\\\/produit\\\/deneb\\\/#breadcrumb\"},\"inLanguage\":\"fr-FR\",\"potentialAction\":[{\"@type\":\"ReadAction\",\"target\":[\"https:\\\/\\\/atelier-letabli.com\\\/index.php\\\/produit\\\/deneb\\\/\"]}]},{\"@type\":\"ImageObject\",\"inLanguage\":\"fr-FR\",\"@id\":\"https:\\\/\\\/atelier-letabli.com\\\/index.php\\\/produit\\\/deneb\\\/#primaryimage\",\"url\":\"https:\\\/\\\/atelier-letabli.com\\\/wp-content\\\/uploads\\\/2024\\\/05\\\/table-basse-chene-frene0002.jpg\",\"contentUrl\":\"https:\\\/\\\/atelier-letabli.com\\\/wp-content\\\/uploads\\\/2024\\\/05\\\/table-basse-chene-frene0002.jpg\",\"width\":2000,\"height\":1124,\"caption\":\"Table basse bois m\u00e9tal\"},{\"@type\":\"BreadcrumbList\",\"@id\":\"https:\\\/\\\/atelier-letabli.com\\\/index.php\\\/produit\\\/deneb\\\/#breadcrumb\",\"itemListElement\":[{\"@type\":\"ListItem\",\"position\":1,\"name\":\"Accueil\",\"item\":\"https:\\\/\\\/atelier-letabli.com\\\/\"},{\"@type\":\"ListItem\",\"position\":2,\"name\":\"Boutique\",\"item\":\"https:\\\/\\\/atelier-letabli.com\\\/index.php\\\/boutique\\\/\"},{\"@type\":\"ListItem\",\"position\":3,\"name\":\"Deneb\"}]},{\"@type\":\"WebSite\",\"@id\":\"https:\\\/\\\/atelier-letabli.com\\\/#website\",\"url\":\"https:\\\/\\\/atelier-letabli.com\\\/\",\"name\":\"L&#039;\u00c9TABLI\",\"description\":\"\",\"potentialAction\":[{\"@type\":\"SearchAction\",\"target\":{\"@type\":\"EntryPoint\",\"urlTemplate\":\"https:\\\/\\\/atelier-letabli.com\\\/?s={search_term_string}\"},\"query-input\":{\"@type\":\"PropertyValueSpecification\",\"valueRequired\":true,\"valueName\":\"search_term_string\"}}],\"inLanguage\":\"fr-FR\"}]}<\/script>\n<!-- \/ Yoast SEO plugin. -->","yoast_head_json":{"title":"Deneb - L&#039;\u00c9TABLI","robots":{"index":"index","follow":"follow","max-snippet":"max-snippet:-1","max-image-preview":"max-image-preview:large","max-video-preview":"max-video-preview:-1"},"canonical":"https:\/\/atelier-letabli.com\/index.php\/produit\/deneb\/","og_locale":"fr_FR","og_type":"article","og_title":"Deneb - L&#039;\u00c9TABLI","og_description":"Deneb : \"Queue\". \u00c9toile superg\u00e9ante blanche de la constellation du Cygne.  Cette table basse est con\u00e7ue en bois de fr\u00eane massif encadr\u00e9 par du ch\u00eane de forte \u00e9paisseur avec des pieds en \u00e9pingle en acier laqu\u00e9 noir. La combinaison du bois et du m\u00e9tal donne \u00e0 cette table basse une apparence unique de l\u00e9g\u00e8ret\u00e9. \u00c9l\u00e9gante et \u00e9tonnante, elle apportera chaleur et authenticit\u00e9 dans votre salon !  Succombez au charme de cette table de salon de qualit\u00e9 et de fabrication artisanale. Ce meuble est destin\u00e9 \u00e0 usage int\u00e9rieur. Table livr\u00e9e mont\u00e9e.","og_url":"https:\/\/atelier-letabli.com\/index.php\/produit\/deneb\/","og_site_name":"L&#039;\u00c9TABLI","article_modified_time":"2024-06-10T08:43:57+00:00","og_image":[{"width":2000,"height":1124,"url":"https:\/\/atelier-letabli.com\/wp-content\/uploads\/2024\/05\/table-basse-chene-frene0002.jpg","type":"image\/jpeg"}],"twitter_card":"summary_large_image","twitter_misc":{"Dur\u00e9e de lecture estim\u00e9e":"1 minute"},"schema":{"@context":"https:\/\/schema.org","@graph":[{"@type":"WebPage","@id":"https:\/\/atelier-letabli.com\/index.php\/produit\/deneb\/","url":"https:\/\/atelier-letabli.com\/index.php\/produit\/deneb\/","name":"Deneb - L&#039;\u00c9TABLI","isPartOf":{"@id":"https:\/\/atelier-letabli.com\/#website"},"primaryImageOfPage":{"@id":"https:\/\/atelier-letabli.com\/index.php\/produit\/deneb\/#primaryimage"},"image":{"@id":"https:\/\/atelier-letabli.com\/index.php\/produit\/deneb\/#primaryimage"},"thumbnailUrl":"https:\/\/atelier-letabli.com\/wp-content\/uploads\/2024\/05\/table-basse-chene-frene0002.jpg","datePublished":"2024-04-26T14:43:45+00:00","dateModified":"2024-06-10T08:43:57+00:00","breadcrumb":{"@id":"https:\/\/atelier-letabli.com\/index.php\/produit\/deneb\/#breadcrumb"},"inLanguage":"fr-FR","potentialAction":[{"@type":"ReadAction","target":["https:\/\/atelier-letabli.com\/index.php\/produit\/deneb\/"]}]},{"@type":"ImageObject","inLanguage":"fr-FR","@id":"https:\/\/atelier-letabli.com\/index.php\/produit\/deneb\/#primaryimage","url":"https:\/\/atelier-letabli.com\/wp-content\/uploads\/2024\/05\/table-basse-chene-frene0002.jpg","contentUrl":"https:\/\/atelier-letabli.com\/wp-content\/uploads\/2024\/05\/table-basse-chene-frene0002.jpg","width":2000,"height":1124,"caption":"Table basse bois m\u00e9tal"},{"@type":"BreadcrumbList","@id":"https:\/\/atelier-letabli.com\/index.php\/produit\/deneb\/#breadcrumb","itemListElement":[{"@type":"ListItem","position":1,"name":"Accueil","item":"https:\/\/atelier-letabli.com\/"},{"@type":"ListItem","position":2,"name":"Boutique","item":"https:\/\/atelier-letabli.com\/index.php\/boutique\/"},{"@type":"ListItem","position":3,"name":"Deneb"}]},{"@type":"WebSite","@id":"https:\/\/atelier-letabli.com\/#website","url":"https:\/\/atelier-letabli.com\/","name":"L&#039;\u00c9TABLI","description":"","potentialAction":[{"@type":"SearchAction","target":{"@type":"EntryPoint","urlTemplate":"https:\/\/atelier-letabli.com\/?s={search_term_string}"},"query-input":{"@type":"PropertyValueSpecification","valueRequired":true,"valueName":"search_term_string"}}],"inLanguage":"fr-FR"}]}},"_links":{"self":[{"href":"https:\/\/atelier-letabli.com\/index.php\/wp-json\/wp\/v2\/product\/884","targetHints":{"allow":["GET"]}}],"collection":[{"href":"https:\/\/atelier-letabli.com\/index.php\/wp-json\/wp\/v2\/product"}],"about":[{"href":"https:\/\/atelier-letabli.com\/index.php\/wp-json\/wp\/v2\/types\/product"}],"replies":[{"embeddable":true,"href":"https:\/\/atelier-letabli.com\/index.php\/wp-json\/wp\/v2\/comments?post=884"}],"wp:featuredmedia":[{"embeddable":true,"href":"https:\/\/atelier-letabli.com\/index.php\/wp-json\/wp\/v2\/media\/1049"}],"wp:attachment":[{"href":"https:\/\/atelier-letabli.com\/index.php\/wp-json\/wp\/v2\/media?parent=884"}],"wp:term":[{"taxonomy":"product_brand","embeddable":true,"href":"https:\/\/atelier-letabli.com\/index.php\/wp-json\/wp\/v2\/product_brand?post=884"},{"taxonomy":"product_cat","embeddable":true,"href":"https:\/\/atelier-letabli.com\/index.php\/wp-json\/wp\/v2\/product_cat?post=884"},{"taxonomy":"product_tag","embeddable":true,"href":"https:\/\/atelier-letabli.com\/index.php\/wp-json\/wp\/v2\/product_tag?post=884"}],"curies":[{"name":"wp","href":"https:\/\/api.w.org\/{rel}","templated":true}]}}