{"id":905,"date":"2024-04-29T10:55:18","date_gmt":"2024-04-29T08:55:18","guid":{"rendered":"https:\/\/atelier-letabli.com\/?post_type=product&#038;p=905"},"modified":"2025-12-26T10:29:54","modified_gmt":"2025-12-26T09:29:54","slug":"planche-a-decouper","status":"publish","type":"product","link":"https:\/\/atelier-letabli.com\/index.php\/produit\/planche-a-decouper\/","title":{"rendered":"Atelier Planche \u00e0 d\u00e9couper"},"content":{"rendered":"<p>[et_pb_section fb_built=\u00a0\u00bb1&Prime; _builder_version=\u00a0\u00bb4.16&Prime; custom_padding=\u00a0\u00bb0px||||false|false\u00a0\u00bb global_colors_info=\u00a0\u00bb{}\u00a0\u00bb][et_pb_row _builder_version=\u00a0\u00bb4.16&Prime; background_size=\u00a0\u00bbinitial\u00a0\u00bb background_position=\u00a0\u00bbtop_left\u00a0\u00bb background_repeat=\u00a0\u00bbrepeat\u00a0\u00bb width=\u00a0\u00bb100%\u00a0\u00bb custom_padding=\u00a0\u00bb0px||0px||false|false\u00a0\u00bb global_colors_info=\u00a0\u00bb{}\u00a0\u00bb][et_pb_column type=\u00a0\u00bb4_4&Prime; _builder_version=\u00a0\u00bb4.16&Prime; custom_padding=\u00a0\u00bb|||\u00a0\u00bb global_colors_info=\u00a0\u00bb{}\u00a0\u00bb custom_padding__hover=\u00a0\u00bb|||\u00a0\u00bb][et_pb_wc_breadcrumb _builder_version=\u00a0\u00bb4.16&Prime; global_colors_info=\u00a0\u00bb{}\u00a0\u00bb][\/et_pb_wc_breadcrumb][et_pb_wc_cart_notice _builder_version=\u00a0\u00bb4.16&Prime; global_colors_info=\u00a0\u00bb{}\u00a0\u00bb][\/et_pb_wc_cart_notice][\/et_pb_column][\/et_pb_row][et_pb_row column_structure=\u00a0\u00bb1_2,1_2&Prime; _builder_version=\u00a0\u00bb4.16&Prime; background_size=\u00a0\u00bbinitial\u00a0\u00bb background_position=\u00a0\u00bbtop_left\u00a0\u00bb background_repeat=\u00a0\u00bbrepeat\u00a0\u00bb width=\u00a0\u00bb100%\u00a0\u00bb custom_padding=\u00a0\u00bb0px||||false|false\u00a0\u00bb global_colors_info=\u00a0\u00bb{}\u00a0\u00bb][et_pb_column type=\u00a0\u00bb1_2&Prime; _builder_version=\u00a0\u00bb4.16&Prime; custom_padding=\u00a0\u00bb|||\u00a0\u00bb global_colors_info=\u00a0\u00bb{}\u00a0\u00bb custom_padding__hover=\u00a0\u00bb|||\u00a0\u00bb][et_pb_wc_images _builder_version=\u00a0\u00bb4.16&Prime; global_colors_info=\u00a0\u00bb{}\u00a0\u00bb][\/et_pb_wc_images][\/et_pb_column][et_pb_column type=\u00a0\u00bb1_2&Prime; _builder_version=\u00a0\u00bb4.16&Prime; custom_padding=\u00a0\u00bb|||\u00a0\u00bb global_colors_info=\u00a0\u00bb{}\u00a0\u00bb custom_padding__hover=\u00a0\u00bb|||\u00a0\u00bb][et_pb_wc_title _builder_version=\u00a0\u00bb4.16&Prime; global_colors_info=\u00a0\u00bb{}\u00a0\u00bb][\/et_pb_wc_title][et_pb_wc_rating _builder_version=\u00a0\u00bb4.16&Prime; global_colors_info=\u00a0\u00bb{}\u00a0\u00bb][\/et_pb_wc_rating][et_pb_wc_price _builder_version=\u00a0\u00bb4.16&Prime; global_colors_info=\u00a0\u00bb{}\u00a0\u00bb][\/et_pb_wc_price][et_pb_wc_description _builder_version=\u00a0\u00bb4.16&Prime; global_colors_info=\u00a0\u00bb{}\u00a0\u00bb][\/et_pb_wc_description][et_pb_button button_url=\u00a0\u00bb@ET-DC@eyJkeW5hbWljIjp0cnVlLCJjb250ZW50IjoicG9zdF9saW5rX3VybF9wYWdlIiwic2V0dGluZ3MiOnsicG9zdF9pZCI6Ijg5NyJ9fQ==@\u00a0\u00bb button_text=\u00a0\u00bbChoisir mes dates\u00a0\u00bb button_alignment=\u00a0\u00bbcenter\u00a0\u00bb _builder_version=\u00a0\u00bb4.18.0&Prime; _dynamic_attributes=\u00a0\u00bbbutton_url\u00a0\u00bb custom_button=\u00a0\u00bbon\u00a0\u00bb button_text_size=\u00a0\u00bb14px\u00a0\u00bb button_text_color=\u00a0\u00bb#ffffff\u00a0\u00bb button_bg_color=\u00a0\u00bb#fdb467&Prime; button_border_width=\u00a0\u00bb8px\u00a0\u00bb button_border_color=\u00a0\u00bb#fdb467&Prime; button_border_radius=\u00a0\u00bb0px\u00a0\u00bb button_letter_spacing=\u00a0\u00bb2px\u00a0\u00bb button_font=\u00a0\u00bbPoppins|600||on|||||\u00a0\u00bb button_icon=\u00a0\u00bb$||divi||400&Prime; custom_margin=\u00a0\u00bb10px|||\u00a0\u00bb animation_style=\u00a0\u00bbfade\u00a0\u00bb global_colors_info=\u00a0\u00bb{}\u00a0\u00bb button_text_size__hover_enabled=\u00a0\u00bboff\u00a0\u00bb button_one_text_size__hover_enabled=\u00a0\u00bboff\u00a0\u00bb button_two_text_size__hover_enabled=\u00a0\u00bboff\u00a0\u00bb button_text_color__hover_enabled=\u00a0\u00bboff\u00a0\u00bb button_one_text_color__hover_enabled=\u00a0\u00bboff\u00a0\u00bb button_two_text_color__hover_enabled=\u00a0\u00bboff\u00a0\u00bb button_border_width__hover_enabled=\u00a0\u00bboff\u00a0\u00bb button_one_border_width__hover_enabled=\u00a0\u00bboff\u00a0\u00bb button_two_border_width__hover_enabled=\u00a0\u00bboff\u00a0\u00bb button_border_color__hover_enabled=\u00a0\u00bboff\u00a0\u00bb button_one_border_color__hover_enabled=\u00a0\u00bboff\u00a0\u00bb button_two_border_color__hover_enabled=\u00a0\u00bboff\u00a0\u00bb button_border_radius__hover_enabled=\u00a0\u00bboff\u00a0\u00bb button_one_border_radius__hover_enabled=\u00a0\u00bboff\u00a0\u00bb button_two_border_radius__hover_enabled=\u00a0\u00bboff\u00a0\u00bb button_letter_spacing__hover_enabled=\u00a0\u00bboff\u00a0\u00bb button_one_letter_spacing__hover_enabled=\u00a0\u00bboff\u00a0\u00bb button_two_letter_spacing__hover_enabled=\u00a0\u00bboff\u00a0\u00bb button_bg_color__hover_enabled=\u00a0\u00bboff\u00a0\u00bb button_one_bg_color__hover_enabled=\u00a0\u00bboff\u00a0\u00bb button_two_bg_color__hover_enabled=\u00a0\u00bboff\u00a0\u00bb][\/et_pb_button][et_pb_wc_add_to_cart _builder_version=\u00a0\u00bb4.18.0&Prime; fields_background_color=\u00a0\u00bb#FFFFFF\u00a0\u00bb fields_text_color=\u00a0\u00bb#E09900&Prime; fields_focus_background_color=\u00a0\u00bbRGBA(255,255,255,0)\u00a0\u00bb fields_focus_text_color=\u00a0\u00bb#E09900&Prime; field_label_font=\u00a0\u00bbPoppins|700|||||||\u00a0\u00bb fields_font=\u00a0\u00bbPoppins||||||||\u00a0\u00bb fields_text_align=\u00a0\u00bbleft\u00a0\u00bb fields_letter_spacing=\u00a0\u00bb3px\u00a0\u00bb custom_button=\u00a0\u00bbon\u00a0\u00bb button_text_color=\u00a0\u00bb#FFFFFF\u00a0\u00bb button_bg_color=\u00a0\u00bb#fdb467&Prime; button_font=\u00a0\u00bbPoppins||||||||\u00a0\u00bb global_colors_info=\u00a0\u00bb{}\u00a0\u00bb][\/et_pb_wc_add_to_cart][\/et_pb_column][\/et_pb_row][et_pb_row _builder_version=\u00a0\u00bb4.16&Prime; background_size=\u00a0\u00bbinitial\u00a0\u00bb background_position=\u00a0\u00bbtop_left\u00a0\u00bb background_repeat=\u00a0\u00bbrepeat\u00a0\u00bb width=\u00a0\u00bb100%\u00a0\u00bb global_colors_info=\u00a0\u00bb{}\u00a0\u00bb][et_pb_column type=\u00a0\u00bb4_4&Prime; _builder_version=\u00a0\u00bb4.16&Prime; custom_padding=\u00a0\u00bb|||\u00a0\u00bb global_colors_info=\u00a0\u00bb{}\u00a0\u00bb custom_padding__hover=\u00a0\u00bb|||\u00a0\u00bb][et_pb_wc_tabs _builder_version=\u00a0\u00bb4.16&Prime; global_colors_info=\u00a0\u00bb{}\u00a0\u00bb] [\/et_pb_wc_tabs][et_pb_wc_upsells _builder_version=\u00a0\u00bb4.16&Prime; global_colors_info=\u00a0\u00bb{}\u00a0\u00bb][\/et_pb_wc_upsells][et_pb_wc_related_products _builder_version=\u00a0\u00bb4.16&Prime; global_colors_info=\u00a0\u00bb{}\u00a0\u00bb][\/et_pb_wc_related_products][\/et_pb_column][\/et_pb_row][\/et_pb_section]<\/p>\n","protected":false},"excerpt":{"rendered":"<p style=\"text-align: justify;\">En partant d\u2019un plateau de bois brut, \u00e9tape par \u00e9tape et dans un <strong>vrai atelier de menuisier,<\/strong> vous allez apprendre et confectionner vous-m\u00eame une <strong>v\u00e9ritable planche \u00e0 d\u00e9couper unique et qui vous ressemble !<\/strong><\/p>\n<p style=\"text-align: justify;\">Vous aurez la possibilit\u00e9 de choisir l\u2019essence de bois : h\u00eatre, noyer, fr\u00eane ou ch\u00eane, de les m\u00e9langer selon vos envies et de choisir la forme de votre planche.<\/p>\n<p style=\"text-align: justify;\">Vous d\u00e9couvrirez l\u2019utilisation des principales machines de l\u2019atelier : scie \u00e0 format, scie \u00e0 ruban, d\u00e9gauchisseuse, raboteuse, d\u00e9fonceuse, affleureuse, ponceuse, et encore plus de machines qui finissent par \u00ab euses \u00bb.<br \/>\nVous apprendrez \u00e9galement les diff\u00e9rentes fa\u00e7ons d\u2019assembler les bois et d\u2019usiner les d\u00e9tails de votre planche.<\/p>\n<p style=\"text-align: justify;\"><strong>Le temps d\u2019une journ\u00e9e, le menuisier c\u2019est vous !<\/strong> Vous apprendrez \u00e0 utiliser toutes les machines, les techniques d\u2019assemblage professionnelles dans un lieu agr\u00e9able et s\u00e9curis\u00e9. Chaque \u00e9tape se fait sous ma supervision, du dessin \u00e0 la finition, c\u2019est pour cette raison que <strong>nos ateliers se limitent \u00e0 4 personnes et dure une journ\u00e9e compl\u00e8te.<\/strong><\/p>\n<p><span style=\"text-decoration: underline;\"><strong>Comment r\u00e9server ?<\/strong><\/span><\/p>\n<p><strong><span style=\"text-decoration: underline;\">\u00c9tape 1 :<\/span> Choisissez la date qui vous convient<\/strong><\/p>\n<p><strong><span style=\"text-decoration: underline;\">\u00c9tape 2 :<\/span> Choisissez votre atelier et proc\u00e9dez au paiement<\/strong><\/p>\n<p>Vous recevrez par la suite un mail r\u00e9capitulatif et d\u00e9taill\u00e9 de la journ\u00e9e qui vous attend !<\/p>\n","protected":false},"featured_media":1366,"comment_status":"closed","ping_status":"closed","template":"","meta":{"_et_pb_use_builder":"on","_et_pb_old_content":"<strong>D\u00e9roul\u00e9 de la journ\u00e9e :<\/strong>\r\n8h45-9h : Caf\u00e9 et pr\u00e9sentation\r\n9h-9h30 : Introduction th\u00e9orique sur le bois et ses techniques. Rappel des consignes de s\u00e9curit\u00e9\r\n9h30-10h : Choix des essences, de la forme de la planche et des d\u00e9tails d\u2019usinage\r\n10h-11h30 : D\u00e9bit et corroyage\r\n11h30-12h : Collage des bois\r\n<strong>D\u00e9jeuner<\/strong>\r\n13h30-14h30 : Mise en forme des planches\r\n14h30-16h30 : Usinage (varie selon les choix des personnes)\r\n16h30-17h : Pon\u00e7age et finition","_et_gb_content_width":""},"product_brand":[],"product_cat":[34],"product_tag":[60],"class_list":{"0":"post-905","1":"product","2":"type-product","3":"status-publish","4":"has-post-thumbnail","6":"product_cat-ateliers-particuliers","7":"product_tag-planche-a-decouper-reservation","9":"first","10":"instock","11":"virtual","12":"taxable","13":"purchasable","14":"product-type-simple"},"yoast_head":"<!-- This site is optimized with the Yoast SEO plugin v27.3 - https:\/\/yoast.com\/product\/yoast-seo-wordpress\/ -->\n<title>Atelier Planche \u00e0 d\u00e9couper - L&#039;\u00c9TABLI<\/title>\n<meta name=\"robots\" content=\"index, follow, max-snippet:-1, max-image-preview:large, max-video-preview:-1\" \/>\n<link rel=\"canonical\" href=\"https:\/\/atelier-letabli.com\/index.php\/produit\/planche-a-decouper\/\" \/>\n<meta property=\"og:locale\" content=\"fr_FR\" \/>\n<meta property=\"og:type\" content=\"article\" \/>\n<meta property=\"og:title\" content=\"Atelier Planche \u00e0 d\u00e9couper - L&#039;\u00c9TABLI\" \/>\n<meta property=\"og:description\" content=\"En partant d\u2019un plateau de bois brut, \u00e9tape par \u00e9tape et dans un vrai atelier de menuisier, vous allez apprendre et confectionner vous-m\u00eame une v\u00e9ritable planche \u00e0 d\u00e9couper unique et qui vous ressemble ! Vous aurez la possibilit\u00e9 de choisir l\u2019essence de bois : h\u00eatre, noyer, fr\u00eane ou ch\u00eane, de les m\u00e9langer selon vos envies et de choisir la forme de votre planche. Vous d\u00e9couvrirez l\u2019utilisation des principales machines de l\u2019atelier : scie \u00e0 format, scie \u00e0 ruban, d\u00e9gauchisseuse, raboteuse, d\u00e9fonceuse, affleureuse, ponceuse, et encore plus de machines qui finissent par \u00ab euses \u00bb. Vous apprendrez \u00e9galement les diff\u00e9rentes fa\u00e7ons d\u2019assembler les bois et d\u2019usiner les d\u00e9tails de votre planche. Le temps d\u2019une journ\u00e9e, le menuisier c\u2019est vous ! Vous apprendrez \u00e0 utiliser toutes les machines, les techniques d\u2019assemblage professionnelles dans un lieu agr\u00e9able et s\u00e9curis\u00e9. Chaque \u00e9tape se fait sous ma supervision, du dessin \u00e0 la finition, c\u2019est pour cette raison que nos ateliers se limitent \u00e0 4 personnes et dure une journ\u00e9e compl\u00e8te. Comment r\u00e9server ?  \u00c9tape 1 : Choisissez la date qui vous convient  \u00c9tape 2 : Choisissez votre atelier et proc\u00e9dez au paiement  Vous recevrez par la suite un mail r\u00e9capitulatif et d\u00e9taill\u00e9 de la journ\u00e9e qui vous attend !\" \/>\n<meta property=\"og:url\" content=\"https:\/\/atelier-letabli.com\/index.php\/produit\/planche-a-decouper\/\" \/>\n<meta property=\"og:site_name\" content=\"L&#039;\u00c9TABLI\" \/>\n<meta property=\"article:modified_time\" content=\"2025-12-26T09:29:54+00:00\" \/>\n<meta property=\"og:image\" content=\"https:\/\/atelier-letabli.com\/wp-content\/uploads\/2024\/12\/wecandoo0027.jpg\" \/>\n\t<meta property=\"og:image:width\" content=\"2560\" \/>\n\t<meta property=\"og:image:height\" content=\"1920\" \/>\n\t<meta property=\"og:image:type\" content=\"image\/jpeg\" \/>\n<meta name=\"twitter:card\" content=\"summary_large_image\" \/>\n<meta name=\"twitter:label1\" content=\"Dur\u00e9e de lecture estim\u00e9e\" \/>\n\t<meta name=\"twitter:data1\" content=\"1 minute\" \/>\n<script type=\"application\/ld+json\" class=\"yoast-schema-graph\">{\"@context\":\"https:\\\/\\\/schema.org\",\"@graph\":[{\"@type\":\"WebPage\",\"@id\":\"https:\\\/\\\/atelier-letabli.com\\\/index.php\\\/produit\\\/planche-a-decouper\\\/\",\"url\":\"https:\\\/\\\/atelier-letabli.com\\\/index.php\\\/produit\\\/planche-a-decouper\\\/\",\"name\":\"Atelier Planche \u00e0 d\u00e9couper - L&#039;\u00c9TABLI\",\"isPartOf\":{\"@id\":\"https:\\\/\\\/atelier-letabli.com\\\/#website\"},\"primaryImageOfPage\":{\"@id\":\"https:\\\/\\\/atelier-letabli.com\\\/index.php\\\/produit\\\/planche-a-decouper\\\/#primaryimage\"},\"image\":{\"@id\":\"https:\\\/\\\/atelier-letabli.com\\\/index.php\\\/produit\\\/planche-a-decouper\\\/#primaryimage\"},\"thumbnailUrl\":\"https:\\\/\\\/atelier-letabli.com\\\/wp-content\\\/uploads\\\/2024\\\/12\\\/wecandoo0027.jpg\",\"datePublished\":\"2024-04-29T08:55:18+00:00\",\"dateModified\":\"2025-12-26T09:29:54+00:00\",\"breadcrumb\":{\"@id\":\"https:\\\/\\\/atelier-letabli.com\\\/index.php\\\/produit\\\/planche-a-decouper\\\/#breadcrumb\"},\"inLanguage\":\"fr-FR\",\"potentialAction\":[{\"@type\":\"ReadAction\",\"target\":[\"https:\\\/\\\/atelier-letabli.com\\\/index.php\\\/produit\\\/planche-a-decouper\\\/\"]}]},{\"@type\":\"ImageObject\",\"inLanguage\":\"fr-FR\",\"@id\":\"https:\\\/\\\/atelier-letabli.com\\\/index.php\\\/produit\\\/planche-a-decouper\\\/#primaryimage\",\"url\":\"https:\\\/\\\/atelier-letabli.com\\\/wp-content\\\/uploads\\\/2024\\\/12\\\/wecandoo0027.jpg\",\"contentUrl\":\"https:\\\/\\\/atelier-letabli.com\\\/wp-content\\\/uploads\\\/2024\\\/12\\\/wecandoo0027.jpg\",\"width\":2560,\"height\":1920,\"caption\":\"Planche ap\u00e9ro ch\u00eane et noyer\"},{\"@type\":\"BreadcrumbList\",\"@id\":\"https:\\\/\\\/atelier-letabli.com\\\/index.php\\\/produit\\\/planche-a-decouper\\\/#breadcrumb\",\"itemListElement\":[{\"@type\":\"ListItem\",\"position\":1,\"name\":\"Accueil\",\"item\":\"https:\\\/\\\/atelier-letabli.com\\\/\"},{\"@type\":\"ListItem\",\"position\":2,\"name\":\"Boutique\",\"item\":\"https:\\\/\\\/atelier-letabli.com\\\/index.php\\\/boutique\\\/\"},{\"@type\":\"ListItem\",\"position\":3,\"name\":\"Atelier Planche \u00e0 d\u00e9couper\"}]},{\"@type\":\"WebSite\",\"@id\":\"https:\\\/\\\/atelier-letabli.com\\\/#website\",\"url\":\"https:\\\/\\\/atelier-letabli.com\\\/\",\"name\":\"L&#039;\u00c9TABLI\",\"description\":\"\",\"potentialAction\":[{\"@type\":\"SearchAction\",\"target\":{\"@type\":\"EntryPoint\",\"urlTemplate\":\"https:\\\/\\\/atelier-letabli.com\\\/?s={search_term_string}\"},\"query-input\":{\"@type\":\"PropertyValueSpecification\",\"valueRequired\":true,\"valueName\":\"search_term_string\"}}],\"inLanguage\":\"fr-FR\"}]}<\/script>\n<!-- \/ Yoast SEO plugin. -->","yoast_head_json":{"title":"Atelier Planche \u00e0 d\u00e9couper - L&#039;\u00c9TABLI","robots":{"index":"index","follow":"follow","max-snippet":"max-snippet:-1","max-image-preview":"max-image-preview:large","max-video-preview":"max-video-preview:-1"},"canonical":"https:\/\/atelier-letabli.com\/index.php\/produit\/planche-a-decouper\/","og_locale":"fr_FR","og_type":"article","og_title":"Atelier Planche \u00e0 d\u00e9couper - L&#039;\u00c9TABLI","og_description":"En partant d\u2019un plateau de bois brut, \u00e9tape par \u00e9tape et dans un vrai atelier de menuisier, vous allez apprendre et confectionner vous-m\u00eame une v\u00e9ritable planche \u00e0 d\u00e9couper unique et qui vous ressemble ! Vous aurez la possibilit\u00e9 de choisir l\u2019essence de bois : h\u00eatre, noyer, fr\u00eane ou ch\u00eane, de les m\u00e9langer selon vos envies et de choisir la forme de votre planche. Vous d\u00e9couvrirez l\u2019utilisation des principales machines de l\u2019atelier : scie \u00e0 format, scie \u00e0 ruban, d\u00e9gauchisseuse, raboteuse, d\u00e9fonceuse, affleureuse, ponceuse, et encore plus de machines qui finissent par \u00ab euses \u00bb. Vous apprendrez \u00e9galement les diff\u00e9rentes fa\u00e7ons d\u2019assembler les bois et d\u2019usiner les d\u00e9tails de votre planche. Le temps d\u2019une journ\u00e9e, le menuisier c\u2019est vous ! Vous apprendrez \u00e0 utiliser toutes les machines, les techniques d\u2019assemblage professionnelles dans un lieu agr\u00e9able et s\u00e9curis\u00e9. Chaque \u00e9tape se fait sous ma supervision, du dessin \u00e0 la finition, c\u2019est pour cette raison que nos ateliers se limitent \u00e0 4 personnes et dure une journ\u00e9e compl\u00e8te. Comment r\u00e9server ?  \u00c9tape 1 : Choisissez la date qui vous convient  \u00c9tape 2 : Choisissez votre atelier et proc\u00e9dez au paiement  Vous recevrez par la suite un mail r\u00e9capitulatif et d\u00e9taill\u00e9 de la journ\u00e9e qui vous attend !","og_url":"https:\/\/atelier-letabli.com\/index.php\/produit\/planche-a-decouper\/","og_site_name":"L&#039;\u00c9TABLI","article_modified_time":"2025-12-26T09:29:54+00:00","og_image":[{"width":2560,"height":1920,"url":"https:\/\/atelier-letabli.com\/wp-content\/uploads\/2024\/12\/wecandoo0027.jpg","type":"image\/jpeg"}],"twitter_card":"summary_large_image","twitter_misc":{"Dur\u00e9e de lecture estim\u00e9e":"1 minute"},"schema":{"@context":"https:\/\/schema.org","@graph":[{"@type":"WebPage","@id":"https:\/\/atelier-letabli.com\/index.php\/produit\/planche-a-decouper\/","url":"https:\/\/atelier-letabli.com\/index.php\/produit\/planche-a-decouper\/","name":"Atelier Planche \u00e0 d\u00e9couper - L&#039;\u00c9TABLI","isPartOf":{"@id":"https:\/\/atelier-letabli.com\/#website"},"primaryImageOfPage":{"@id":"https:\/\/atelier-letabli.com\/index.php\/produit\/planche-a-decouper\/#primaryimage"},"image":{"@id":"https:\/\/atelier-letabli.com\/index.php\/produit\/planche-a-decouper\/#primaryimage"},"thumbnailUrl":"https:\/\/atelier-letabli.com\/wp-content\/uploads\/2024\/12\/wecandoo0027.jpg","datePublished":"2024-04-29T08:55:18+00:00","dateModified":"2025-12-26T09:29:54+00:00","breadcrumb":{"@id":"https:\/\/atelier-letabli.com\/index.php\/produit\/planche-a-decouper\/#breadcrumb"},"inLanguage":"fr-FR","potentialAction":[{"@type":"ReadAction","target":["https:\/\/atelier-letabli.com\/index.php\/produit\/planche-a-decouper\/"]}]},{"@type":"ImageObject","inLanguage":"fr-FR","@id":"https:\/\/atelier-letabli.com\/index.php\/produit\/planche-a-decouper\/#primaryimage","url":"https:\/\/atelier-letabli.com\/wp-content\/uploads\/2024\/12\/wecandoo0027.jpg","contentUrl":"https:\/\/atelier-letabli.com\/wp-content\/uploads\/2024\/12\/wecandoo0027.jpg","width":2560,"height":1920,"caption":"Planche ap\u00e9ro ch\u00eane et noyer"},{"@type":"BreadcrumbList","@id":"https:\/\/atelier-letabli.com\/index.php\/produit\/planche-a-decouper\/#breadcrumb","itemListElement":[{"@type":"ListItem","position":1,"name":"Accueil","item":"https:\/\/atelier-letabli.com\/"},{"@type":"ListItem","position":2,"name":"Boutique","item":"https:\/\/atelier-letabli.com\/index.php\/boutique\/"},{"@type":"ListItem","position":3,"name":"Atelier Planche \u00e0 d\u00e9couper"}]},{"@type":"WebSite","@id":"https:\/\/atelier-letabli.com\/#website","url":"https:\/\/atelier-letabli.com\/","name":"L&#039;\u00c9TABLI","description":"","potentialAction":[{"@type":"SearchAction","target":{"@type":"EntryPoint","urlTemplate":"https:\/\/atelier-letabli.com\/?s={search_term_string}"},"query-input":{"@type":"PropertyValueSpecification","valueRequired":true,"valueName":"search_term_string"}}],"inLanguage":"fr-FR"}]}},"_links":{"self":[{"href":"https:\/\/atelier-letabli.com\/index.php\/wp-json\/wp\/v2\/product\/905","targetHints":{"allow":["GET"]}}],"collection":[{"href":"https:\/\/atelier-letabli.com\/index.php\/wp-json\/wp\/v2\/product"}],"about":[{"href":"https:\/\/atelier-letabli.com\/index.php\/wp-json\/wp\/v2\/types\/product"}],"replies":[{"embeddable":true,"href":"https:\/\/atelier-letabli.com\/index.php\/wp-json\/wp\/v2\/comments?post=905"}],"wp:featuredmedia":[{"embeddable":true,"href":"https:\/\/atelier-letabli.com\/index.php\/wp-json\/wp\/v2\/media\/1366"}],"wp:attachment":[{"href":"https:\/\/atelier-letabli.com\/index.php\/wp-json\/wp\/v2\/media?parent=905"}],"wp:term":[{"taxonomy":"product_brand","embeddable":true,"href":"https:\/\/atelier-letabli.com\/index.php\/wp-json\/wp\/v2\/product_brand?post=905"},{"taxonomy":"product_cat","embeddable":true,"href":"https:\/\/atelier-letabli.com\/index.php\/wp-json\/wp\/v2\/product_cat?post=905"},{"taxonomy":"product_tag","embeddable":true,"href":"https:\/\/atelier-letabli.com\/index.php\/wp-json\/wp\/v2\/product_tag?post=905"}],"curies":[{"name":"wp","href":"https:\/\/api.w.org\/{rel}","templated":true}]}}