{"id":925,"date":"2024-04-29T16:07:23","date_gmt":"2024-04-29T14:07:23","guid":{"rendered":"https:\/\/atelier-letabli.com\/?post_type=product&#038;p=925"},"modified":"2024-10-15T09:34:18","modified_gmt":"2024-10-15T07:34:18","slug":"atelier-boite","status":"publish","type":"product","link":"https:\/\/atelier-letabli.com\/index.php\/produit\/atelier-boite\/","title":{"rendered":"Atelier Bo\u00eete"},"content":{"rendered":"<p><strong>D\u00e9roul\u00e9 de la journ\u00e9e :<\/strong> 8h45-9h : Caf\u00e9 et pr\u00e9sentation 9h-9h30 : Introduction th\u00e9orique sur le bois et ses techniques. Rappel des consignes de s\u00e9curit\u00e9 9h30-10h : Choix des essences, de la forme de la boite et des d\u00e9tails d\u2019usinage 10h- 12h : Usinage \/ collage de la boite <strong>D\u00e9jeuner<\/strong> 13h30-14h30 : Mise en forme des \u00e9l\u00e9ments 14h30-15h30 : Inclusions de c\u00f4t\u00e9 15h30 &#8211; 16h30 : Choix de l&rsquo;ouverture de la bo\u00eete 16h30-17h : Pon\u00e7age et finition<\/p>\n","protected":false},"excerpt":{"rendered":"<p style=\"text-align: justify;\">Lors de cette journ\u00e9e, vous aurez l&rsquo;opportunit\u00e9 de perfectionner vos talents de menuisier pour r\u00e9aliser une belle boite en bois ! Vous pourrez alors choisir l&rsquo;essence de bois que vous souhaiterez travailler parmi une s\u00e9lection que je mettrai \u00e0 votre disposition.<\/p>\n<p style=\"text-align: justify;\">Cet atelier correspond \u00e0 des techniques plus minutieuse en termes de cr\u00e9ation. Ce sera l\u2019occasion de tester diff\u00e9rentes techniques d\u2019assemblage ou d\u2019usinage : coupe d\u2019onglet \u00e0 45\u00b0, queue d\u2019aronde, rainure-languette, l\u2019inclusion. Le travail avec de l\u2019outillage manuel sera privil\u00e9gi\u00e9.<\/p>\n<p style=\"text-align: justify;\">Apr\u00e8s quelques finitions permettant de personnaliser votre bo\u00eete, vous pourrez repartir avec votre cr\u00e9ation !<\/p>\n<p><span style=\"text-decoration: underline;\"><strong>Comment r\u00e9server ?<\/strong><\/span><\/p>\n<p><strong><span style=\"text-decoration: underline;\">\u00c9tape 1 :<\/span> Choisissez la date qui vous convient<\/strong><\/p>\n<p><strong><span style=\"text-decoration: underline;\">\u00c9tape 2 :<\/span> Choisissez votre atelier et proc\u00e9dez au paiement<\/strong><\/p>\n<p>Vous recevrez par la suite un mail r\u00e9capitulatif et d\u00e9taill\u00e9 de la journ\u00e9e qui vous attend !<\/p>\n","protected":false},"featured_media":1279,"comment_status":"closed","ping_status":"closed","template":"","meta":{"_et_pb_use_builder":"off","_et_pb_old_content":"<strong>D\u00e9roul\u00e9 de la journ\u00e9e :<\/strong>\r\n8h45-9h : Caf\u00e9 et pr\u00e9sentation\r\n9h-9h30 : Introduction th\u00e9orique sur le bois et ses techniques. Rappel des consignes de s\u00e9curit\u00e9\r\n9h30-10h : Choix des essences, de la forme de la boite et des d\u00e9tails d\u2019usinage\r\n10h-11h30 : D\u00e9bit et corroyage\r\n11h30-12h : Usinage \/ collage en fonction des choix de chacun\r\n<strong>D\u00e9jeuner<\/strong>\r\n13h30-14h30 : Mise en forme des \u00e9l\u00e9ments\r\n14h30-15h30 : Assemblage final\r\n16h30-17h : Pon\u00e7age et finition","_et_gb_content_width":""},"product_brand":[],"product_cat":[34],"product_tag":[62],"class_list":{"0":"post-925","1":"product","2":"type-product","3":"status-publish","4":"has-post-thumbnail","6":"product_cat-ateliers-particuliers","7":"product_tag-boite-reservation","9":"first","10":"instock","11":"virtual","12":"taxable","13":"purchasable","14":"product-type-simple"},"yoast_head":"<!-- This site is optimized with the Yoast SEO plugin v27.3 - https:\/\/yoast.com\/product\/yoast-seo-wordpress\/ -->\n<title>Atelier Bo\u00eete - L&#039;\u00c9TABLI<\/title>\n<meta name=\"robots\" content=\"index, follow, max-snippet:-1, max-image-preview:large, max-video-preview:-1\" \/>\n<link rel=\"canonical\" href=\"https:\/\/atelier-letabli.com\/index.php\/produit\/atelier-boite\/\" \/>\n<meta property=\"og:locale\" content=\"fr_FR\" \/>\n<meta property=\"og:type\" content=\"article\" \/>\n<meta property=\"og:title\" content=\"Atelier Bo\u00eete - L&#039;\u00c9TABLI\" \/>\n<meta property=\"og:description\" content=\"Lors de cette journ\u00e9e, vous aurez l&#039;opportunit\u00e9 de perfectionner vos talents de menuisier pour r\u00e9aliser une belle boite en bois ! Vous pourrez alors choisir l&#039;essence de bois que vous souhaiterez travailler parmi une s\u00e9lection que je mettrai \u00e0 votre disposition. Cet atelier correspond \u00e0 des techniques plus minutieuse en termes de cr\u00e9ation. Ce sera l\u2019occasion de tester diff\u00e9rentes techniques d\u2019assemblage ou d\u2019usinage : coupe d\u2019onglet \u00e0 45\u00b0, queue d\u2019aronde, rainure-languette, l\u2019inclusion. Le travail avec de l\u2019outillage manuel sera privil\u00e9gi\u00e9. Apr\u00e8s quelques finitions permettant de personnaliser votre bo\u00eete, vous pourrez repartir avec votre cr\u00e9ation ! Comment r\u00e9server ?  \u00c9tape 1 : Choisissez la date qui vous convient  \u00c9tape 2 : Choisissez votre atelier et proc\u00e9dez au paiement  Vous recevrez par la suite un mail r\u00e9capitulatif et d\u00e9taill\u00e9 de la journ\u00e9e qui vous attend !\" \/>\n<meta property=\"og:url\" content=\"https:\/\/atelier-letabli.com\/index.php\/produit\/atelier-boite\/\" \/>\n<meta property=\"og:site_name\" content=\"L&#039;\u00c9TABLI\" \/>\n<meta property=\"article:modified_time\" content=\"2024-10-15T07:34:18+00:00\" \/>\n<meta property=\"og:image\" content=\"https:\/\/atelier-letabli.com\/wp-content\/uploads\/2024\/10\/atelier-boite0002.jpg\" \/>\n\t<meta property=\"og:image:width\" content=\"2000\" \/>\n\t<meta property=\"og:image:height\" content=\"1500\" \/>\n\t<meta property=\"og:image:type\" content=\"image\/jpeg\" \/>\n<meta name=\"twitter:card\" content=\"summary_large_image\" \/>\n<meta name=\"twitter:label1\" content=\"Dur\u00e9e de lecture estim\u00e9e\" \/>\n\t<meta name=\"twitter:data1\" content=\"1 minute\" \/>\n<script type=\"application\/ld+json\" class=\"yoast-schema-graph\">{\"@context\":\"https:\\\/\\\/schema.org\",\"@graph\":[{\"@type\":\"WebPage\",\"@id\":\"https:\\\/\\\/atelier-letabli.com\\\/index.php\\\/produit\\\/atelier-boite\\\/\",\"url\":\"https:\\\/\\\/atelier-letabli.com\\\/index.php\\\/produit\\\/atelier-boite\\\/\",\"name\":\"Atelier Bo\u00eete - L&#039;\u00c9TABLI\",\"isPartOf\":{\"@id\":\"https:\\\/\\\/atelier-letabli.com\\\/#website\"},\"primaryImageOfPage\":{\"@id\":\"https:\\\/\\\/atelier-letabli.com\\\/index.php\\\/produit\\\/atelier-boite\\\/#primaryimage\"},\"image\":{\"@id\":\"https:\\\/\\\/atelier-letabli.com\\\/index.php\\\/produit\\\/atelier-boite\\\/#primaryimage\"},\"thumbnailUrl\":\"https:\\\/\\\/atelier-letabli.com\\\/wp-content\\\/uploads\\\/2024\\\/10\\\/atelier-boite0002.jpg\",\"datePublished\":\"2024-04-29T14:07:23+00:00\",\"dateModified\":\"2024-10-15T07:34:18+00:00\",\"breadcrumb\":{\"@id\":\"https:\\\/\\\/atelier-letabli.com\\\/index.php\\\/produit\\\/atelier-boite\\\/#breadcrumb\"},\"inLanguage\":\"fr-FR\",\"potentialAction\":[{\"@type\":\"ReadAction\",\"target\":[\"https:\\\/\\\/atelier-letabli.com\\\/index.php\\\/produit\\\/atelier-boite\\\/\"]}]},{\"@type\":\"ImageObject\",\"inLanguage\":\"fr-FR\",\"@id\":\"https:\\\/\\\/atelier-letabli.com\\\/index.php\\\/produit\\\/atelier-boite\\\/#primaryimage\",\"url\":\"https:\\\/\\\/atelier-letabli.com\\\/wp-content\\\/uploads\\\/2024\\\/10\\\/atelier-boite0002.jpg\",\"contentUrl\":\"https:\\\/\\\/atelier-letabli.com\\\/wp-content\\\/uploads\\\/2024\\\/10\\\/atelier-boite0002.jpg\",\"width\":2000,\"height\":1500,\"caption\":\"Boite fr\u00eane couvercle\"},{\"@type\":\"BreadcrumbList\",\"@id\":\"https:\\\/\\\/atelier-letabli.com\\\/index.php\\\/produit\\\/atelier-boite\\\/#breadcrumb\",\"itemListElement\":[{\"@type\":\"ListItem\",\"position\":1,\"name\":\"Accueil\",\"item\":\"https:\\\/\\\/atelier-letabli.com\\\/\"},{\"@type\":\"ListItem\",\"position\":2,\"name\":\"Boutique\",\"item\":\"https:\\\/\\\/atelier-letabli.com\\\/index.php\\\/boutique\\\/\"},{\"@type\":\"ListItem\",\"position\":3,\"name\":\"Atelier Bo\u00eete\"}]},{\"@type\":\"WebSite\",\"@id\":\"https:\\\/\\\/atelier-letabli.com\\\/#website\",\"url\":\"https:\\\/\\\/atelier-letabli.com\\\/\",\"name\":\"L&#039;\u00c9TABLI\",\"description\":\"\",\"potentialAction\":[{\"@type\":\"SearchAction\",\"target\":{\"@type\":\"EntryPoint\",\"urlTemplate\":\"https:\\\/\\\/atelier-letabli.com\\\/?s={search_term_string}\"},\"query-input\":{\"@type\":\"PropertyValueSpecification\",\"valueRequired\":true,\"valueName\":\"search_term_string\"}}],\"inLanguage\":\"fr-FR\"}]}<\/script>\n<!-- \/ Yoast SEO plugin. -->","yoast_head_json":{"title":"Atelier Bo\u00eete - L&#039;\u00c9TABLI","robots":{"index":"index","follow":"follow","max-snippet":"max-snippet:-1","max-image-preview":"max-image-preview:large","max-video-preview":"max-video-preview:-1"},"canonical":"https:\/\/atelier-letabli.com\/index.php\/produit\/atelier-boite\/","og_locale":"fr_FR","og_type":"article","og_title":"Atelier Bo\u00eete - L&#039;\u00c9TABLI","og_description":"Lors de cette journ\u00e9e, vous aurez l'opportunit\u00e9 de perfectionner vos talents de menuisier pour r\u00e9aliser une belle boite en bois ! Vous pourrez alors choisir l'essence de bois que vous souhaiterez travailler parmi une s\u00e9lection que je mettrai \u00e0 votre disposition. Cet atelier correspond \u00e0 des techniques plus minutieuse en termes de cr\u00e9ation. Ce sera l\u2019occasion de tester diff\u00e9rentes techniques d\u2019assemblage ou d\u2019usinage : coupe d\u2019onglet \u00e0 45\u00b0, queue d\u2019aronde, rainure-languette, l\u2019inclusion. Le travail avec de l\u2019outillage manuel sera privil\u00e9gi\u00e9. Apr\u00e8s quelques finitions permettant de personnaliser votre bo\u00eete, vous pourrez repartir avec votre cr\u00e9ation ! Comment r\u00e9server ?  \u00c9tape 1 : Choisissez la date qui vous convient  \u00c9tape 2 : Choisissez votre atelier et proc\u00e9dez au paiement  Vous recevrez par la suite un mail r\u00e9capitulatif et d\u00e9taill\u00e9 de la journ\u00e9e qui vous attend !","og_url":"https:\/\/atelier-letabli.com\/index.php\/produit\/atelier-boite\/","og_site_name":"L&#039;\u00c9TABLI","article_modified_time":"2024-10-15T07:34:18+00:00","og_image":[{"width":2000,"height":1500,"url":"https:\/\/atelier-letabli.com\/wp-content\/uploads\/2024\/10\/atelier-boite0002.jpg","type":"image\/jpeg"}],"twitter_card":"summary_large_image","twitter_misc":{"Dur\u00e9e de lecture estim\u00e9e":"1 minute"},"schema":{"@context":"https:\/\/schema.org","@graph":[{"@type":"WebPage","@id":"https:\/\/atelier-letabli.com\/index.php\/produit\/atelier-boite\/","url":"https:\/\/atelier-letabli.com\/index.php\/produit\/atelier-boite\/","name":"Atelier Bo\u00eete - L&#039;\u00c9TABLI","isPartOf":{"@id":"https:\/\/atelier-letabli.com\/#website"},"primaryImageOfPage":{"@id":"https:\/\/atelier-letabli.com\/index.php\/produit\/atelier-boite\/#primaryimage"},"image":{"@id":"https:\/\/atelier-letabli.com\/index.php\/produit\/atelier-boite\/#primaryimage"},"thumbnailUrl":"https:\/\/atelier-letabli.com\/wp-content\/uploads\/2024\/10\/atelier-boite0002.jpg","datePublished":"2024-04-29T14:07:23+00:00","dateModified":"2024-10-15T07:34:18+00:00","breadcrumb":{"@id":"https:\/\/atelier-letabli.com\/index.php\/produit\/atelier-boite\/#breadcrumb"},"inLanguage":"fr-FR","potentialAction":[{"@type":"ReadAction","target":["https:\/\/atelier-letabli.com\/index.php\/produit\/atelier-boite\/"]}]},{"@type":"ImageObject","inLanguage":"fr-FR","@id":"https:\/\/atelier-letabli.com\/index.php\/produit\/atelier-boite\/#primaryimage","url":"https:\/\/atelier-letabli.com\/wp-content\/uploads\/2024\/10\/atelier-boite0002.jpg","contentUrl":"https:\/\/atelier-letabli.com\/wp-content\/uploads\/2024\/10\/atelier-boite0002.jpg","width":2000,"height":1500,"caption":"Boite fr\u00eane couvercle"},{"@type":"BreadcrumbList","@id":"https:\/\/atelier-letabli.com\/index.php\/produit\/atelier-boite\/#breadcrumb","itemListElement":[{"@type":"ListItem","position":1,"name":"Accueil","item":"https:\/\/atelier-letabli.com\/"},{"@type":"ListItem","position":2,"name":"Boutique","item":"https:\/\/atelier-letabli.com\/index.php\/boutique\/"},{"@type":"ListItem","position":3,"name":"Atelier Bo\u00eete"}]},{"@type":"WebSite","@id":"https:\/\/atelier-letabli.com\/#website","url":"https:\/\/atelier-letabli.com\/","name":"L&#039;\u00c9TABLI","description":"","potentialAction":[{"@type":"SearchAction","target":{"@type":"EntryPoint","urlTemplate":"https:\/\/atelier-letabli.com\/?s={search_term_string}"},"query-input":{"@type":"PropertyValueSpecification","valueRequired":true,"valueName":"search_term_string"}}],"inLanguage":"fr-FR"}]}},"_links":{"self":[{"href":"https:\/\/atelier-letabli.com\/index.php\/wp-json\/wp\/v2\/product\/925","targetHints":{"allow":["GET"]}}],"collection":[{"href":"https:\/\/atelier-letabli.com\/index.php\/wp-json\/wp\/v2\/product"}],"about":[{"href":"https:\/\/atelier-letabli.com\/index.php\/wp-json\/wp\/v2\/types\/product"}],"replies":[{"embeddable":true,"href":"https:\/\/atelier-letabli.com\/index.php\/wp-json\/wp\/v2\/comments?post=925"}],"wp:featuredmedia":[{"embeddable":true,"href":"https:\/\/atelier-letabli.com\/index.php\/wp-json\/wp\/v2\/media\/1279"}],"wp:attachment":[{"href":"https:\/\/atelier-letabli.com\/index.php\/wp-json\/wp\/v2\/media?parent=925"}],"wp:term":[{"taxonomy":"product_brand","embeddable":true,"href":"https:\/\/atelier-letabli.com\/index.php\/wp-json\/wp\/v2\/product_brand?post=925"},{"taxonomy":"product_cat","embeddable":true,"href":"https:\/\/atelier-letabli.com\/index.php\/wp-json\/wp\/v2\/product_cat?post=925"},{"taxonomy":"product_tag","embeddable":true,"href":"https:\/\/atelier-letabli.com\/index.php\/wp-json\/wp\/v2\/product_tag?post=925"}],"curies":[{"name":"wp","href":"https:\/\/api.w.org\/{rel}","templated":true}]}}